{"id":1870,"date":"2022-06-13T15:53:21","date_gmt":"2022-06-13T18:53:21","guid":{"rendered":"https:\/\/www.maurimunoz.com\/?post_type=product&#038;p=1870"},"modified":"2022-07-22T10:52:14","modified_gmt":"2022-07-22T13:52:14","slug":"gorra-oficial-mauri-munoz","status":"publish","type":"product","link":"https:\/\/www.maurimunoz.com\/index.php\/producto\/gorra-oficial-mauri-munoz\/","title":{"rendered":"Gorra OFICIAL"},"content":{"rendered":"<p>Gorra de color negro con logo oficial Mauri Mu\u00f1oz en color blanco<\/p>\n<p><img loading=\"lazy\" decoding=\"async\" class=\"size-medium wp-image-1852\" src=\"https:\/\/i0.wp.com\/www.maurimunoz.com\/wp-content\/uploads\/2022\/06\/cap-blanc.jpg?resize=300%2C199&#038;ssl=1\" alt=\"\" width=\"300\" height=\"199\" srcset=\"https:\/\/i0.wp.com\/www.maurimunoz.com\/wp-content\/uploads\/2022\/06\/cap-blanc-scaled.jpg?resize=300%2C199&amp;ssl=1 300w, https:\/\/i0.wp.com\/www.maurimunoz.com\/wp-content\/uploads\/2022\/06\/cap-blanc-scaled.jpg?resize=1024%2C680&amp;ssl=1 1024w, https:\/\/i0.wp.com\/www.maurimunoz.com\/wp-content\/uploads\/2022\/06\/cap-blanc-scaled.jpg?resize=768%2C510&amp;ssl=1 768w, https:\/\/i0.wp.com\/www.maurimunoz.com\/wp-content\/uploads\/2022\/06\/cap-blanc-scaled.jpg?resize=1536%2C1021&amp;ssl=1 1536w, https:\/\/i0.wp.com\/www.maurimunoz.com\/wp-content\/uploads\/2022\/06\/cap-blanc-scaled.jpg?resize=2048%2C1361&amp;ssl=1 2048w, https:\/\/i0.wp.com\/www.maurimunoz.com\/wp-content\/uploads\/2022\/06\/cap-blanc-scaled.jpg?resize=1320%2C877&amp;ssl=1 1320w, https:\/\/i0.wp.com\/www.maurimunoz.com\/wp-content\/uploads\/2022\/06\/cap-blanc-scaled.jpg?resize=600%2C399&amp;ssl=1 600w, https:\/\/i0.wp.com\/www.maurimunoz.com\/wp-content\/uploads\/2022\/06\/cap-blanc-scaled.jpg?w=2400&amp;ssl=1 2400w\" sizes=\"auto, (max-width: 300px) 100vw, 300px\" data-recalc-dims=\"1\" \/><\/p>\n","protected":false},"excerpt":{"rendered":"<p>Gorra oficial- <strong>Mauri Mu\u00f1oz<\/strong><\/p>\n","protected":false},"featured_media":1852,"comment_status":"open","ping_status":"closed","template":"","meta":{"spay_email":""},"product_cat":[51,94,37],"product_tag":[53,66],"class_list":{"0":"post-1870","1":"product","2":"type-product","3":"status-publish","4":"has-post-thumbnail","5":"hentry","6":"product_cat-accesorios","7":"product_cat-gorra","8":"product_cat-indumentaria","9":"product_tag-accesorios","10":"product_tag-indumentaria","12":"entry","13":"has-media","14":"owp-thumbs-layout-horizontal","15":"owp-btn-normal","16":"owp-tabs-layout-horizontal","17":"has-no-thumbnails","18":"has-product-nav","19":"circle-sale"},"yoast_head":"<!-- This site is optimized with the Yoast SEO plugin v27.4 - https:\/\/yoast.com\/product\/yoast-seo-wordpress\/ -->\n<title>Gorra OFICIAL - MAURI MU\u00d1OZ<\/title>\n<meta name=\"description\" content=\"\u00a1Obten\u00e9 el merchandising oficial de Mauri Mu\u00f1oz! Gorra de color negro con logo oficial Mauri Mu\u00f1oz en color blanco\" \/>\n<meta name=\"robots\" content=\"index, follow, max-snippet:-1, max-image-preview:large, max-video-preview:-1\" \/>\n<link rel=\"canonical\" href=\"https:\/\/www.maurimunoz.com\/index.php\/producto\/gorra-oficial-mauri-munoz\/\" \/>\n<meta property=\"og:locale\" content=\"es_ES\" \/>\n<meta property=\"og:type\" content=\"article\" \/>\n<meta property=\"og:title\" content=\"Gorra OFICIAL - MAURI MU\u00d1OZ\" \/>\n<meta property=\"og:description\" content=\"\u00a1Obten\u00e9 el merchandising oficial de Mauri Mu\u00f1oz! Gorra de color negro con logo oficial Mauri Mu\u00f1oz en color blanco\" \/>\n<meta property=\"og:url\" content=\"https:\/\/www.maurimunoz.com\/index.php\/producto\/gorra-oficial-mauri-munoz\/\" \/>\n<meta property=\"og:site_name\" content=\"MAURI MU\u00d1OZ\" \/>\n<meta property=\"article:publisher\" content=\"https:\/\/www.facebook.com\/mauri.munoz.futuro\" \/>\n<meta property=\"article:modified_time\" content=\"2022-07-22T13:52:14+00:00\" \/>\n<meta property=\"og:image\" content=\"http:\/\/www.maurimunoz.com\/wp-content\/uploads\/2022\/06\/cap-blanc-scaled.jpg\" \/>\n\t<meta property=\"og:image:width\" content=\"2560\" \/>\n\t<meta property=\"og:image:height\" content=\"1701\" \/>\n\t<meta property=\"og:image:type\" content=\"image\/jpeg\" \/>\n<meta name=\"twitter:card\" content=\"summary_large_image\" \/>\n<meta name=\"twitter:site\" content=\"@MauriMunoz360\" \/>\n<meta name=\"twitter:label1\" content=\"Tiempo de lectura\" \/>\n\t<meta name=\"twitter:data1\" content=\"1 minuto\" \/>\n<script type=\"application\/ld+json\" class=\"yoast-schema-graph\">{\"@context\":\"https:\\\/\\\/schema.org\",\"@graph\":[{\"@type\":\"WebPage\",\"@id\":\"https:\\\/\\\/www.maurimunoz.com\\\/index.php\\\/producto\\\/gorra-oficial-mauri-munoz\\\/\",\"url\":\"https:\\\/\\\/www.maurimunoz.com\\\/index.php\\\/producto\\\/gorra-oficial-mauri-munoz\\\/\",\"name\":\"Gorra OFICIAL - MAURI MU\u00d1OZ\",\"isPartOf\":{\"@id\":\"https:\\\/\\\/www.maurimunoz.com\\\/#website\"},\"primaryImageOfPage\":{\"@id\":\"https:\\\/\\\/www.maurimunoz.com\\\/index.php\\\/producto\\\/gorra-oficial-mauri-munoz\\\/#primaryimage\"},\"image\":{\"@id\":\"https:\\\/\\\/www.maurimunoz.com\\\/index.php\\\/producto\\\/gorra-oficial-mauri-munoz\\\/#primaryimage\"},\"thumbnailUrl\":\"https:\\\/\\\/i0.wp.com\\\/www.maurimunoz.com\\\/wp-content\\\/uploads\\\/2022\\\/06\\\/cap-blanc-scaled.jpg?fit=2560%2C1701&ssl=1\",\"datePublished\":\"2022-06-13T18:53:21+00:00\",\"dateModified\":\"2022-07-22T13:52:14+00:00\",\"description\":\"\u00a1Obten\u00e9 el merchandising oficial de Mauri Mu\u00f1oz! Gorra de color negro con logo oficial Mauri Mu\u00f1oz en color blanco\",\"breadcrumb\":{\"@id\":\"https:\\\/\\\/www.maurimunoz.com\\\/index.php\\\/producto\\\/gorra-oficial-mauri-munoz\\\/#breadcrumb\"},\"inLanguage\":\"es-AR\",\"potentialAction\":[{\"@type\":\"ReadAction\",\"target\":[\"https:\\\/\\\/www.maurimunoz.com\\\/index.php\\\/producto\\\/gorra-oficial-mauri-munoz\\\/\"]}]},{\"@type\":\"ImageObject\",\"inLanguage\":\"es-AR\",\"@id\":\"https:\\\/\\\/www.maurimunoz.com\\\/index.php\\\/producto\\\/gorra-oficial-mauri-munoz\\\/#primaryimage\",\"url\":\"https:\\\/\\\/i0.wp.com\\\/www.maurimunoz.com\\\/wp-content\\\/uploads\\\/2022\\\/06\\\/cap-blanc-scaled.jpg?fit=2560%2C1701&ssl=1\",\"contentUrl\":\"https:\\\/\\\/i0.wp.com\\\/www.maurimunoz.com\\\/wp-content\\\/uploads\\\/2022\\\/06\\\/cap-blanc-scaled.jpg?fit=2560%2C1701&ssl=1\",\"width\":2560,\"height\":1701,\"caption\":\"SONY DSC\"},{\"@type\":\"BreadcrumbList\",\"@id\":\"https:\\\/\\\/www.maurimunoz.com\\\/index.php\\\/producto\\\/gorra-oficial-mauri-munoz\\\/#breadcrumb\",\"itemListElement\":[{\"@type\":\"ListItem\",\"position\":1,\"name\":\"Inicio\",\"item\":\"https:\\\/\\\/www.maurimunoz.com\\\/\"},{\"@type\":\"ListItem\",\"position\":2,\"name\":\"Tienda\",\"item\":\"https:\\\/\\\/www.maurimunoz.com\\\/index.php\\\/tienda\\\/\"},{\"@type\":\"ListItem\",\"position\":3,\"name\":\"Gorra OFICIAL\"}]},{\"@type\":\"WebSite\",\"@id\":\"https:\\\/\\\/www.maurimunoz.com\\\/#website\",\"url\":\"https:\\\/\\\/www.maurimunoz.com\\\/\",\"name\":\"MAURI MU\u00d1OZ\",\"description\":\"Proyectate al futuro\",\"potentialAction\":[{\"@type\":\"SearchAction\",\"target\":{\"@type\":\"EntryPoint\",\"urlTemplate\":\"https:\\\/\\\/www.maurimunoz.com\\\/?s={search_term_string}\"},\"query-input\":{\"@type\":\"PropertyValueSpecification\",\"valueRequired\":true,\"valueName\":\"search_term_string\"}}],\"inLanguage\":\"es-AR\"}]}<\/script>\n<!-- \/ Yoast SEO plugin. -->","yoast_head_json":{"title":"Gorra OFICIAL - MAURI MU\u00d1OZ","description":"\u00a1Obten\u00e9 el merchandising oficial de Mauri Mu\u00f1oz! Gorra de color negro con logo oficial Mauri Mu\u00f1oz en color blanco","robots":{"index":"index","follow":"follow","max-snippet":"max-snippet:-1","max-image-preview":"max-image-preview:large","max-video-preview":"max-video-preview:-1"},"canonical":"https:\/\/www.maurimunoz.com\/index.php\/producto\/gorra-oficial-mauri-munoz\/","og_locale":"es_ES","og_type":"article","og_title":"Gorra OFICIAL - MAURI MU\u00d1OZ","og_description":"\u00a1Obten\u00e9 el merchandising oficial de Mauri Mu\u00f1oz! Gorra de color negro con logo oficial Mauri Mu\u00f1oz en color blanco","og_url":"https:\/\/www.maurimunoz.com\/index.php\/producto\/gorra-oficial-mauri-munoz\/","og_site_name":"MAURI MU\u00d1OZ","article_publisher":"https:\/\/www.facebook.com\/mauri.munoz.futuro","article_modified_time":"2022-07-22T13:52:14+00:00","og_image":[{"width":2560,"height":1701,"url":"http:\/\/www.maurimunoz.com\/wp-content\/uploads\/2022\/06\/cap-blanc-scaled.jpg","type":"image\/jpeg"}],"twitter_card":"summary_large_image","twitter_site":"@MauriMunoz360","twitter_misc":{"Tiempo de lectura":"1 minuto"},"schema":{"@context":"https:\/\/schema.org","@graph":[{"@type":"WebPage","@id":"https:\/\/www.maurimunoz.com\/index.php\/producto\/gorra-oficial-mauri-munoz\/","url":"https:\/\/www.maurimunoz.com\/index.php\/producto\/gorra-oficial-mauri-munoz\/","name":"Gorra OFICIAL - MAURI MU\u00d1OZ","isPartOf":{"@id":"https:\/\/www.maurimunoz.com\/#website"},"primaryImageOfPage":{"@id":"https:\/\/www.maurimunoz.com\/index.php\/producto\/gorra-oficial-mauri-munoz\/#primaryimage"},"image":{"@id":"https:\/\/www.maurimunoz.com\/index.php\/producto\/gorra-oficial-mauri-munoz\/#primaryimage"},"thumbnailUrl":"https:\/\/i0.wp.com\/www.maurimunoz.com\/wp-content\/uploads\/2022\/06\/cap-blanc-scaled.jpg?fit=2560%2C1701&ssl=1","datePublished":"2022-06-13T18:53:21+00:00","dateModified":"2022-07-22T13:52:14+00:00","description":"\u00a1Obten\u00e9 el merchandising oficial de Mauri Mu\u00f1oz! Gorra de color negro con logo oficial Mauri Mu\u00f1oz en color blanco","breadcrumb":{"@id":"https:\/\/www.maurimunoz.com\/index.php\/producto\/gorra-oficial-mauri-munoz\/#breadcrumb"},"inLanguage":"es-AR","potentialAction":[{"@type":"ReadAction","target":["https:\/\/www.maurimunoz.com\/index.php\/producto\/gorra-oficial-mauri-munoz\/"]}]},{"@type":"ImageObject","inLanguage":"es-AR","@id":"https:\/\/www.maurimunoz.com\/index.php\/producto\/gorra-oficial-mauri-munoz\/#primaryimage","url":"https:\/\/i0.wp.com\/www.maurimunoz.com\/wp-content\/uploads\/2022\/06\/cap-blanc-scaled.jpg?fit=2560%2C1701&ssl=1","contentUrl":"https:\/\/i0.wp.com\/www.maurimunoz.com\/wp-content\/uploads\/2022\/06\/cap-blanc-scaled.jpg?fit=2560%2C1701&ssl=1","width":2560,"height":1701,"caption":"SONY DSC"},{"@type":"BreadcrumbList","@id":"https:\/\/www.maurimunoz.com\/index.php\/producto\/gorra-oficial-mauri-munoz\/#breadcrumb","itemListElement":[{"@type":"ListItem","position":1,"name":"Inicio","item":"https:\/\/www.maurimunoz.com\/"},{"@type":"ListItem","position":2,"name":"Tienda","item":"https:\/\/www.maurimunoz.com\/index.php\/tienda\/"},{"@type":"ListItem","position":3,"name":"Gorra OFICIAL"}]},{"@type":"WebSite","@id":"https:\/\/www.maurimunoz.com\/#website","url":"https:\/\/www.maurimunoz.com\/","name":"MAURI MU\u00d1OZ","description":"Proyectate al futuro","potentialAction":[{"@type":"SearchAction","target":{"@type":"EntryPoint","urlTemplate":"https:\/\/www.maurimunoz.com\/?s={search_term_string}"},"query-input":{"@type":"PropertyValueSpecification","valueRequired":true,"valueName":"search_term_string"}}],"inLanguage":"es-AR"}]}},"_links":{"self":[{"href":"https:\/\/www.maurimunoz.com\/index.php\/wp-json\/wp\/v2\/product\/1870","targetHints":{"allow":["GET"]}}],"collection":[{"href":"https:\/\/www.maurimunoz.com\/index.php\/wp-json\/wp\/v2\/product"}],"about":[{"href":"https:\/\/www.maurimunoz.com\/index.php\/wp-json\/wp\/v2\/types\/product"}],"replies":[{"embeddable":true,"href":"https:\/\/www.maurimunoz.com\/index.php\/wp-json\/wp\/v2\/comments?post=1870"}],"wp:featuredmedia":[{"embeddable":true,"href":"https:\/\/www.maurimunoz.com\/index.php\/wp-json\/wp\/v2\/media\/1852"}],"wp:attachment":[{"href":"https:\/\/www.maurimunoz.com\/index.php\/wp-json\/wp\/v2\/media?parent=1870"}],"wp:term":[{"taxonomy":"product_cat","embeddable":true,"href":"https:\/\/www.maurimunoz.com\/index.php\/wp-json\/wp\/v2\/product_cat?post=1870"},{"taxonomy":"product_tag","embeddable":true,"href":"https:\/\/www.maurimunoz.com\/index.php\/wp-json\/wp\/v2\/product_tag?post=1870"}],"curies":[{"name":"wp","href":"https:\/\/api.w.org\/{rel}","templated":true}]}}