{"id":6,"date":"2022-01-10T18:38:25","date_gmt":"2022-01-10T21:38:25","guid":{"rendered":"http:\/\/www.maurimunoz.com\/?page_id=6"},"modified":"2022-04-22T18:31:09","modified_gmt":"2022-04-22T21:31:09","slug":"sobremauri","status":"publish","type":"page","link":"https:\/\/www.maurimunoz.com\/index.php\/sobremauri\/","title":{"rendered":"SOBRE MAURI"},"content":{"rendered":"\n<div class=\"wp-block-group sln-container-sobre-mauri\"><div class=\"wp-block-group__inner-container is-layout-flow wp-block-group-is-layout-flow\">\n<div class=\"wp-block-media-text alignwide is-stacked-on-mobile is-image-fill sln-sobremauri-img\"><figure class=\"wp-block-media-text__media\" style=\"background-image:url(https:\/\/www.maurimunoz.com\/wp-content\/uploads\/2022\/01\/Screenshot_2-1024x626.png);background-position:76% 28.999999999999996%\"><img loading=\"lazy\" decoding=\"async\" width=\"1024\" height=\"626\" src=\"https:\/\/i0.wp.com\/www.maurimunoz.com\/wp-content\/uploads\/2022\/01\/Screenshot_2.png?resize=1024%2C626&#038;ssl=1\" alt=\"\" class=\"wp-image-500 size-full\" srcset=\"https:\/\/i0.wp.com\/www.maurimunoz.com\/wp-content\/uploads\/2022\/01\/Screenshot_2.png?resize=1024%2C626&amp;ssl=1 1024w, https:\/\/i0.wp.com\/www.maurimunoz.com\/wp-content\/uploads\/2022\/01\/Screenshot_2.png?resize=600%2C367&amp;ssl=1 600w, https:\/\/i0.wp.com\/www.maurimunoz.com\/wp-content\/uploads\/2022\/01\/Screenshot_2.png?resize=300%2C183&amp;ssl=1 300w, https:\/\/i0.wp.com\/www.maurimunoz.com\/wp-content\/uploads\/2022\/01\/Screenshot_2.png?resize=768%2C470&amp;ssl=1 768w, https:\/\/i0.wp.com\/www.maurimunoz.com\/wp-content\/uploads\/2022\/01\/Screenshot_2.png?w=1251&amp;ssl=1 1251w\" sizes=\"auto, (max-width: 1024px) 100vw, 1024px\" data-recalc-dims=\"1\" \/><\/figure><div class=\"wp-block-media-text__content\">\n<p class=\"has-text-align-left has-white-color has-text-color\" style=\"font-size:18px\">Ayudo a mujeres y hombres de la pol\u00edtica a proyectar su futuro a trav\u00e9s de herramientas disruptivas e innovadoras.<br>Mis especialidades son:<br>\u2022 Posicionamiento Pol\u00edtico<br>\u2022 Marketing Pol\u00edtico Digital<br>\u2022 Campa\u00f1as Pol\u00edticas Ganadoras<br>\u2022 Herramientas de Gesti\u00f3n de Gobierno<br>\u2022 Planes de Futuro para Hombres y Mujeres de la Pol\u00edtica.<br>\u2022 Planes de Futuro de Ciudades Competitivas Globales.<br>\u2022 Tendencias de Futuro.<\/p>\n<\/div><\/div>\n\n\n\n<p class=\"has-text-align-justify has-white-color has-text-color\" style=\"font-size:16px\">Llevo casi 30 a\u00f1os asesorando y coucheando a miles de hombres y mujeres de la pol\u00edtica en materia de campa\u00f1as electorales, gesti\u00f3n de gobiernos, imagen pol\u00edtica, comunicaci\u00f3n en la era digital, estudios de opini\u00f3n p\u00fablica, talleres de innovaci\u00f3n y programas de futuro de a nivel personal, a nivel de empresas y organizaciones en ciudades competitivas y en el \u00e1mbito de los gobiernos locales, provinciales y nacionales.  He transformado la visi\u00f3n de ciudades, gobiernos, espacios pol\u00edticos y tambi\u00e9n he trabajado con miles de hombres y mujeres de la pol\u00edtica de habla hispana. Mi misi\u00f3n es formar a los actuales y fundamentalmente a las nuevas mujeres y hombres de la pol\u00edtica de habla hispana, ayud\u00e1ndolos a alcanzar sus objetivos electorales y de gesti\u00f3n, y fundamentalmente a trav\u00e9s de la herramienta VIS\u00d3N 360 PLAN DE FUTURO (El plan de futuro personal y el plan de futuro de ciudades) potenciar sus vidas a trav\u00e9s de herramientas innovadoras y disruptivas, para que abracen el \u00e9xito personal, profesional y en la gesti\u00f3n de sus gobiernos, ciudades y territorios.<\/p>\n\n\n\n<h2 id=\"testimonios-y-casos-de-exito\" class=\"has-white-color has-text-color\" style=\"font-size: 30px;\">S\u00edgueme en mis Redes Sociales<\/h2>\n\n\n\n<div>\n\n<div class=\"wp-block-social-links aligncenter has-huge-icon-size has-icon-color has-icon-background-color\">\n<a target=\"_blank\" href=\"https:\/\/www.instagram.com\/maurimunozoficial\" rel=\"noopener\"><i class=\"wp-social-link fab fa-instagram\"><\/i><\/a>\n<a target=\"_blank\" href=\"https:\/\/www.facebook.com\/mauri.munoz.futuro\" rel=\"noopener\"><i class=\"wp-social-link fab fa-facebook-square\"><\/i><\/a>\n<a target=\"_blank\" href=\"https:\/\/www.youtube.com\/channel\/UCfUerYHERcP0I4s9zuLCjqg\" rel=\"noopener\"><i class=\"wp-social-link fab fa-youtube\"><\/i><\/a>\n<a target=\"_blank\" href=\"https:\/\/twitter.com\/MauriMunoz360\" rel=\"noopener\"><i class=\"wp-social-link fab fa-twitter\"><\/i><\/a>\n<a target=\"_blank\" href=\"https:\/\/www.linkedin.com\/in\/mauricio-munoz21\/\" rel=\"noopener\"><i class=\"wp-social-link fab fa-linkedin\"><\/i><\/a>\n<a target=\"_blank\" href=\"https:\/\/www.tiktok.com\/@maurimunozfuturo\" rel=\"noopener\"><i class=\"wp-social-link fab fa-tiktok\"><\/i><\/a>\n<a target=\"_blank\" href=\"https:\/\/open.spotify.com\/show\/0tietT5nh1lAdfoxjN7BPf?si=rvRkKwlJQQOKtwgA008gKg&amp;utm_source=copy-link\" rel=\"noopener\"><i class=\"wp-social-link fab fa-spotify\"><\/i><\/a>\n<a target=\"_blank\" href=\"https:\/\/s.kw.ai\/u\/bi4pqEBP\" rel=\"noopener\"><img decoding=\"async\" src=\"https:\/\/i0.wp.com\/www.maurimunoz.com\/wp-content\/uploads\/2022\/04\/logo-kwai.png?w=1200&#038;ssl=1\" style=\"min-width: 55px;max-width: 55px;\" data-recalc-dims=\"1\"><\/a>\n<a target=\"_blank\" href=\"https:\/\/web.telegram.org\/k\/\" rel=\"noopener\"><i class=\"wp-social-link fab fa-telegram\"><\/i><\/a>\n<\/div>\n<\/div>\n\n\n\n<h2 id=\"testimonios-y-casos-de-exito\" class=\"has-white-color has-text-color\" style=\"font-size: 30px;\">Testimonios y casos de \u00e9xito<\/h2>\n\n\n\n<div class=\"wp-block-nextend-smartslider3\"><\/div>\n\n\n\n<h2 id=\"testimonios-y-casos-de-exito\" class=\"has-white-color has-text-color\" style=\"font-size: 30px;\">Dejame tu consulta<\/h2>\n\n\n<div class=\"wpforms-container wpforms-container-full sln-container-formMM\" id=\"wpforms-972\"><form id=\"wpforms-form-972\" class=\"wpforms-validate wpforms-form wpforms-ajax-form\" data-formid=\"972\" method=\"post\" enctype=\"multipart\/form-data\" action=\"\/index.php\/wp-json\/wp\/v2\/pages\/6\" data-token=\"b09a686f079463d5efa888e092d89dd7\"><noscript class=\"wpforms-error-noscript\">Please enable JavaScript in your browser to complete this form.<\/noscript><div class=\"wpforms-field-container\"><div id=\"wpforms-972-field_0-container\" class=\"wpforms-field wpforms-field-name\" data-field-id=\"0\"><label class=\"wpforms-field-label\" for=\"wpforms-972-field_0\">Nombre y Apellido <span class=\"wpforms-required-label\">*<\/span><\/label><input type=\"text\" id=\"wpforms-972-field_0\" class=\"wpforms-field-large wpforms-field-required\" name=\"wpforms[fields][0]\" required><\/div><div id=\"wpforms-972-field_1-container\" class=\"wpforms-field wpforms-field-email\" data-field-id=\"1\"><label class=\"wpforms-field-label\" for=\"wpforms-972-field_1\">Email <span class=\"wpforms-required-label\">*<\/span><\/label><input type=\"email\" id=\"wpforms-972-field_1\" class=\"wpforms-field-large wpforms-field-required\" name=\"wpforms[fields][1]\" placeholder=\"nombre@mail.com\" required><div class=\"wpforms-field-description\">Ej: email@dominio.com<\/div><\/div><div id=\"wpforms-972-field_7-container\" class=\"wpforms-field wpforms-field-select wpforms-one-third wpforms-first sln-cod-pais wpforms-field-select-style-modern\" data-field-id=\"7\"><label class=\"wpforms-field-label\" for=\"wpforms-972-field_7\">C\u00f3d. Pa\u00eds<\/label><select id=\"wpforms-972-field_7\" class=\"wpforms-field-large choicesjs-select\" data-size-class=\"wpforms-field-row wpforms-field-large\" data-search-enabled=\"1\" name=\"wpforms[fields][7]\"><option value=\"\" class=\"placeholder\" disabled >ARG (+54)<\/option><option value=\"ARG (+54)\"  selected='selected'>ARG (+54)<\/option><option value=\"BOL (+591)\" >BOL (+591)<\/option><option value=\"CHL (+56)\" >CHL (+56)<\/option><option value=\"COL (+57)\" >COL (+57)<\/option><option value=\"MEX (+52)\" >MEX (+52)<\/option><option value=\"URU (+598)\" >URU (+598)<\/option><option value=\"PAR (+595)\" >PAR (+595)<\/option><option value=\"PER (+51)\" >PER (+51)<\/option><option value=\"CR (+506)\" >CR (+506)<\/option><option value=\"CUB (+53)\" >CUB (+53)<\/option><option value=\"ESP (+34)\" >ESP (+34)<\/option><option value=\"ECU (+593)\" >ECU (+593)<\/option><option value=\"SV (+503)\" >SV (+503)<\/option><option value=\"GUA (+502)\" >GUA (+502)<\/option><option value=\"PAN (+507)\" >PAN (+507)<\/option><option value=\"VEN (+58)\" >VEN (+58)<\/option><option value=\"HON (+504)\" >HON (+504)<\/option><option value=\"NIC (+505)\" >NIC (+505)<\/option><option value=\"BRA (+55)\" >BRA (+55)<\/option><\/select><\/div><div id=\"wpforms-972-field_4-container\" class=\"wpforms-field wpforms-field-number wpforms-two-thirds\" data-field-id=\"4\"><label class=\"wpforms-field-label\" for=\"wpforms-972-field_4\">Tel\u00e9fono<\/label><input type=\"number\" pattern=\"\\d*\" id=\"wpforms-972-field_4\" class=\"wpforms-field-large\" name=\"wpforms[fields][4]\" ><\/div><div id=\"wpforms-972-field_6-container\" class=\"wpforms-field wpforms-field-select wpforms-field-select-style-classic\" data-field-id=\"6\"><label class=\"wpforms-field-label\" for=\"wpforms-972-field_6\">Cargo <span class=\"wpforms-required-label\">*<\/span><\/label><select id=\"wpforms-972-field_6\" class=\"wpforms-field-large wpforms-field-required\" name=\"wpforms[fields][6]\" required=\"required\"><option value=\"Persona\" >Persona<\/option><option value=\"Empresa\" >Empresa<\/option><option value=\"Otro\" >Otro<\/option><\/select><\/div><div id=\"wpforms-972-field_2-container\" class=\"wpforms-field wpforms-field-textarea\" data-field-id=\"2\"><label class=\"wpforms-field-label\" for=\"wpforms-972-field_2\">Mensaje <span class=\"wpforms-required-label\">*<\/span><\/label><textarea id=\"wpforms-972-field_2\" class=\"wpforms-field-large wpforms-field-required\" name=\"wpforms[fields][2]\" required><\/textarea><\/div><\/div><div class=\"wpforms-recaptcha-container wpforms-is-recaptcha\"><div class=\"g-recaptcha\" data-sitekey=\"6LdmRYMeAAAAABChuYYtiehsiH4aeI_pu9D7pP7s\"><\/div><input type=\"text\" name=\"g-recaptcha-hidden\" class=\"wpforms-recaptcha-hidden\" style=\"position:absolute!important;clip:rect(0,0,0,0)!important;height:1px!important;width:1px!important;border:0!important;overflow:hidden!important;padding:0!important;margin:0!important;\" required><\/div><div class=\"wpforms-submit-container\"><input type=\"hidden\" name=\"wpforms[id]\" value=\"972\"><input type=\"hidden\" name=\"wpforms[author]\" value=\"1\"><button type=\"submit\" name=\"wpforms[submit]\" id=\"wpforms-submit-972\" class=\"wpforms-submit\" data-alt-text=\"Enviando...\" data-submit-text=\"Enviar\" aria-live=\"assertive\" value=\"wpforms-submit\">Enviar<\/button><img loading=\"lazy\" decoding=\"async\" src=\"https:\/\/www.maurimunoz.com\/wp-content\/plugins\/wpforms-lite\/assets\/images\/submit-spin.svg\" class=\"wpforms-submit-spinner\" style=\"display: none;\" width=\"26\" height=\"26\" alt=\"\"><\/div><\/form><\/div>  <!-- .wpforms-container --><\/div><\/div>\n","protected":false},"excerpt":{"rendered":"<p>Ayudo a mujeres y hombres de la pol\u00edtica a proyectar su futuro a trav\u00e9s de herramientas disruptivas e innovadoras.Mis especialidades son:\u2022 Posicionamiento Pol\u00edtico\u2022 Marketing Pol\u00edtico Digital\u2022 Campa\u00f1as Pol\u00edticas Ganadoras\u2022 Herramientas de Gesti\u00f3n de Gobierno\u2022 Planes de Futuro para Hombres y Mujeres de la Pol\u00edtica.\u2022 Planes de Futuro de Ciudades Competitivas Globales.\u2022 Tendencias de Futuro. Llevo [&hellip;]<\/p>\n","protected":false},"author":1,"featured_media":0,"parent":0,"menu_order":0,"comment_status":"closed","ping_status":"closed","template":"","meta":{"spay_email":"","footnotes":""},"class_list":["post-6","page","type-page","status-publish","hentry","entry","owp-thumbs-layout-horizontal","owp-btn-normal","owp-tabs-layout-horizontal","has-no-thumbnails","has-product-nav","circle-sale"],"yoast_head":"<!-- This site is optimized with the Yoast SEO plugin v27.4 - https:\/\/yoast.com\/product\/yoast-seo-wordpress\/ -->\n<title>SOBRE MAURI - MAURI MU\u00d1OZ<\/title>\n<meta name=\"robots\" content=\"index, follow, max-snippet:-1, max-image-preview:large, max-video-preview:-1\" \/>\n<link rel=\"canonical\" href=\"https:\/\/www.maurimunoz.com\/index.php\/sobremauri\/\" \/>\n<meta property=\"og:locale\" content=\"es_ES\" \/>\n<meta property=\"og:type\" content=\"article\" \/>\n<meta property=\"og:title\" content=\"SOBRE MAURI - MAURI MU\u00d1OZ\" \/>\n<meta property=\"og:description\" content=\"Ayudo a mujeres y hombres de la pol\u00edtica a proyectar su futuro a trav\u00e9s de herramientas disruptivas e innovadoras.Mis especialidades son:\u2022 Posicionamiento Pol\u00edtico\u2022 Marketing Pol\u00edtico Digital\u2022 Campa\u00f1as Pol\u00edticas Ganadoras\u2022 Herramientas de Gesti\u00f3n de Gobierno\u2022 Planes de Futuro para Hombres y Mujeres de la Pol\u00edtica.\u2022 Planes de Futuro de Ciudades Competitivas Globales.\u2022 Tendencias de Futuro. Llevo [&hellip;]\" \/>\n<meta property=\"og:url\" content=\"https:\/\/www.maurimunoz.com\/index.php\/sobremauri\/\" \/>\n<meta property=\"og:site_name\" content=\"MAURI MU\u00d1OZ\" \/>\n<meta property=\"article:publisher\" content=\"https:\/\/www.facebook.com\/mauri.munoz.futuro\" \/>\n<meta property=\"article:modified_time\" content=\"2022-04-22T21:31:09+00:00\" \/>\n<meta property=\"og:image\" content=\"http:\/\/www.maurimunoz.com\/wp-content\/uploads\/2022\/01\/Screenshot_2-1024x626.png\" \/>\n<meta name=\"twitter:card\" content=\"summary_large_image\" \/>\n<meta name=\"twitter:site\" content=\"@MauriMunoz360\" \/>\n<meta name=\"twitter:label1\" content=\"Tiempo de lectura\" \/>\n\t<meta name=\"twitter:data1\" content=\"2 minutos\" \/>\n<script type=\"application\/ld+json\" class=\"yoast-schema-graph\">{\"@context\":\"https:\\\/\\\/schema.org\",\"@graph\":[{\"@type\":\"WebPage\",\"@id\":\"https:\\\/\\\/www.maurimunoz.com\\\/index.php\\\/sobremauri\\\/\",\"url\":\"https:\\\/\\\/www.maurimunoz.com\\\/index.php\\\/sobremauri\\\/\",\"name\":\"SOBRE MAURI - MAURI MU\u00d1OZ\",\"isPartOf\":{\"@id\":\"https:\\\/\\\/www.maurimunoz.com\\\/#website\"},\"primaryImageOfPage\":{\"@id\":\"https:\\\/\\\/www.maurimunoz.com\\\/index.php\\\/sobremauri\\\/#primaryimage\"},\"image\":{\"@id\":\"https:\\\/\\\/www.maurimunoz.com\\\/index.php\\\/sobremauri\\\/#primaryimage\"},\"thumbnailUrl\":\"http:\\\/\\\/www.maurimunoz.com\\\/wp-content\\\/uploads\\\/2022\\\/01\\\/Screenshot_2-1024x626.png\",\"datePublished\":\"2022-01-10T21:38:25+00:00\",\"dateModified\":\"2022-04-22T21:31:09+00:00\",\"breadcrumb\":{\"@id\":\"https:\\\/\\\/www.maurimunoz.com\\\/index.php\\\/sobremauri\\\/#breadcrumb\"},\"inLanguage\":\"es-AR\",\"potentialAction\":[{\"@type\":\"ReadAction\",\"target\":[\"https:\\\/\\\/www.maurimunoz.com\\\/index.php\\\/sobremauri\\\/\"]}]},{\"@type\":\"ImageObject\",\"inLanguage\":\"es-AR\",\"@id\":\"https:\\\/\\\/www.maurimunoz.com\\\/index.php\\\/sobremauri\\\/#primaryimage\",\"url\":\"https:\\\/\\\/i0.wp.com\\\/www.maurimunoz.com\\\/wp-content\\\/uploads\\\/2022\\\/01\\\/Screenshot_2.png?fit=1251%2C765&ssl=1\",\"contentUrl\":\"https:\\\/\\\/i0.wp.com\\\/www.maurimunoz.com\\\/wp-content\\\/uploads\\\/2022\\\/01\\\/Screenshot_2.png?fit=1251%2C765&ssl=1\",\"width\":1251,\"height\":765},{\"@type\":\"BreadcrumbList\",\"@id\":\"https:\\\/\\\/www.maurimunoz.com\\\/index.php\\\/sobremauri\\\/#breadcrumb\",\"itemListElement\":[{\"@type\":\"ListItem\",\"position\":1,\"name\":\"Inicio\",\"item\":\"https:\\\/\\\/www.maurimunoz.com\\\/\"},{\"@type\":\"ListItem\",\"position\":2,\"name\":\"SOBRE MAURI\"}]},{\"@type\":\"WebSite\",\"@id\":\"https:\\\/\\\/www.maurimunoz.com\\\/#website\",\"url\":\"https:\\\/\\\/www.maurimunoz.com\\\/\",\"name\":\"MAURI MU\u00d1OZ\",\"description\":\"Proyectate al futuro\",\"potentialAction\":[{\"@type\":\"SearchAction\",\"target\":{\"@type\":\"EntryPoint\",\"urlTemplate\":\"https:\\\/\\\/www.maurimunoz.com\\\/?s={search_term_string}\"},\"query-input\":{\"@type\":\"PropertyValueSpecification\",\"valueRequired\":true,\"valueName\":\"search_term_string\"}}],\"inLanguage\":\"es-AR\"}]}<\/script>\n<!-- \/ Yoast SEO plugin. -->","yoast_head_json":{"title":"SOBRE MAURI - MAURI MU\u00d1OZ","robots":{"index":"index","follow":"follow","max-snippet":"max-snippet:-1","max-image-preview":"max-image-preview:large","max-video-preview":"max-video-preview:-1"},"canonical":"https:\/\/www.maurimunoz.com\/index.php\/sobremauri\/","og_locale":"es_ES","og_type":"article","og_title":"SOBRE MAURI - MAURI MU\u00d1OZ","og_description":"Ayudo a mujeres y hombres de la pol\u00edtica a proyectar su futuro a trav\u00e9s de herramientas disruptivas e innovadoras.Mis especialidades son:\u2022 Posicionamiento Pol\u00edtico\u2022 Marketing Pol\u00edtico Digital\u2022 Campa\u00f1as Pol\u00edticas Ganadoras\u2022 Herramientas de Gesti\u00f3n de Gobierno\u2022 Planes de Futuro para Hombres y Mujeres de la Pol\u00edtica.\u2022 Planes de Futuro de Ciudades Competitivas Globales.\u2022 Tendencias de Futuro. Llevo [&hellip;]","og_url":"https:\/\/www.maurimunoz.com\/index.php\/sobremauri\/","og_site_name":"MAURI MU\u00d1OZ","article_publisher":"https:\/\/www.facebook.com\/mauri.munoz.futuro","article_modified_time":"2022-04-22T21:31:09+00:00","og_image":[{"url":"http:\/\/www.maurimunoz.com\/wp-content\/uploads\/2022\/01\/Screenshot_2-1024x626.png","type":"","width":"","height":""}],"twitter_card":"summary_large_image","twitter_site":"@MauriMunoz360","twitter_misc":{"Tiempo de lectura":"2 minutos"},"schema":{"@context":"https:\/\/schema.org","@graph":[{"@type":"WebPage","@id":"https:\/\/www.maurimunoz.com\/index.php\/sobremauri\/","url":"https:\/\/www.maurimunoz.com\/index.php\/sobremauri\/","name":"SOBRE MAURI - MAURI MU\u00d1OZ","isPartOf":{"@id":"https:\/\/www.maurimunoz.com\/#website"},"primaryImageOfPage":{"@id":"https:\/\/www.maurimunoz.com\/index.php\/sobremauri\/#primaryimage"},"image":{"@id":"https:\/\/www.maurimunoz.com\/index.php\/sobremauri\/#primaryimage"},"thumbnailUrl":"http:\/\/www.maurimunoz.com\/wp-content\/uploads\/2022\/01\/Screenshot_2-1024x626.png","datePublished":"2022-01-10T21:38:25+00:00","dateModified":"2022-04-22T21:31:09+00:00","breadcrumb":{"@id":"https:\/\/www.maurimunoz.com\/index.php\/sobremauri\/#breadcrumb"},"inLanguage":"es-AR","potentialAction":[{"@type":"ReadAction","target":["https:\/\/www.maurimunoz.com\/index.php\/sobremauri\/"]}]},{"@type":"ImageObject","inLanguage":"es-AR","@id":"https:\/\/www.maurimunoz.com\/index.php\/sobremauri\/#primaryimage","url":"https:\/\/i0.wp.com\/www.maurimunoz.com\/wp-content\/uploads\/2022\/01\/Screenshot_2.png?fit=1251%2C765&ssl=1","contentUrl":"https:\/\/i0.wp.com\/www.maurimunoz.com\/wp-content\/uploads\/2022\/01\/Screenshot_2.png?fit=1251%2C765&ssl=1","width":1251,"height":765},{"@type":"BreadcrumbList","@id":"https:\/\/www.maurimunoz.com\/index.php\/sobremauri\/#breadcrumb","itemListElement":[{"@type":"ListItem","position":1,"name":"Inicio","item":"https:\/\/www.maurimunoz.com\/"},{"@type":"ListItem","position":2,"name":"SOBRE MAURI"}]},{"@type":"WebSite","@id":"https:\/\/www.maurimunoz.com\/#website","url":"https:\/\/www.maurimunoz.com\/","name":"MAURI MU\u00d1OZ","description":"Proyectate al futuro","potentialAction":[{"@type":"SearchAction","target":{"@type":"EntryPoint","urlTemplate":"https:\/\/www.maurimunoz.com\/?s={search_term_string}"},"query-input":{"@type":"PropertyValueSpecification","valueRequired":true,"valueName":"search_term_string"}}],"inLanguage":"es-AR"}]}},"_links":{"self":[{"href":"https:\/\/www.maurimunoz.com\/index.php\/wp-json\/wp\/v2\/pages\/6","targetHints":{"allow":["GET"]}}],"collection":[{"href":"https:\/\/www.maurimunoz.com\/index.php\/wp-json\/wp\/v2\/pages"}],"about":[{"href":"https:\/\/www.maurimunoz.com\/index.php\/wp-json\/wp\/v2\/types\/page"}],"author":[{"embeddable":true,"href":"https:\/\/www.maurimunoz.com\/index.php\/wp-json\/wp\/v2\/users\/1"}],"replies":[{"embeddable":true,"href":"https:\/\/www.maurimunoz.com\/index.php\/wp-json\/wp\/v2\/comments?post=6"}],"version-history":[{"count":51,"href":"https:\/\/www.maurimunoz.com\/index.php\/wp-json\/wp\/v2\/pages\/6\/revisions"}],"predecessor-version":[{"id":1560,"href":"https:\/\/www.maurimunoz.com\/index.php\/wp-json\/wp\/v2\/pages\/6\/revisions\/1560"}],"wp:attachment":[{"href":"https:\/\/www.maurimunoz.com\/index.php\/wp-json\/wp\/v2\/media?parent=6"}],"curies":[{"name":"wp","href":"https:\/\/api.w.org\/{rel}","templated":true}]}}