{"id":3,"date":"2022-01-10T17:19:09","date_gmt":"2022-01-10T20:19:09","guid":{"rendered":"http:\/\/www.maurimunoz.com\/?page_id=3"},"modified":"2022-05-10T20:00:35","modified_gmt":"2022-05-10T23:00:35","slug":"politica-privacidad","status":"publish","type":"page","link":"https:\/\/www.maurimunoz.com\/index.php\/politica-privacidad\/","title":{"rendered":"Pol\u00edtica de privacidad"},"content":{"rendered":"\n<div class=\"wp-block-group sln-page-privacidad\"><div class=\"wp-block-group__inner-container is-layout-flow wp-block-group-is-layout-flow\">\n<h2 class=\"wp-block-heading\">Pol\u00edtica de Privacidad<\/h2>\n\n\n\n<p>Desde MAURI MU\u00d1OZ tratamos los datos personales con respeto y sensibilidad.<\/p>\n\n\n\n<p>Esta pol\u00edtica de privacidad junto con el aviso legal, pol\u00edtica de cookies, de ventas, t\u00e9rminos y condiciones, y cualquier otra pol\u00edtica a la que se haga referencia, identifica c\u00f3mo se recopilan y procesan los datos personales que se reciben en este sitio web.<\/p>\n\n\n\n<p>La informaci\u00f3n que se encuentra en este sitio web no est\u00e1 dirigida a ni\u00f1os. Se entender\u00e1 por ni\u00f1o lo que la ley de la jurisdicci\u00f3n donde se encuentre as\u00ed lo defina. Si el usuario cree que alg\u00fan ni\u00f1o ha proporcionado sus datos personales en este sitio web sin el consentimiento de los padres, deber\u00e1 escribir a mauri.munoz.oficial@gmail.com. MAURI MU\u00d1OZ no tiene manera de comprobar efectivamente la edad de los usuarios, por lo que queda eximida de cualquier responsabilidad, si el usuario no cumple con lo aqu\u00ed indicado.<\/p>\n\n\n\n<p>Datos identificativos del responsable<\/p>\n\n\n\n<p>Tal y como recoge la normativa vigente, te informamos que:<\/p>\n\n\n\n<p>La denominaci\u00f3n social del responsable por este sitio web es: MU\u00d1OZ &amp; ASOCIADOS, Para efectos de este aviso legal y t\u00e9rminos de uso, se entender\u00e1 en lo adelante como MAURI MU\u00d1OZ.<\/p>\n\n\n\n<p>Su domicilio social se encuentra en: San Mart\u00edn 519. Oncativo (cp 5986). C\u00f3rdoba. Argentina.<\/p>\n\n\n\n<p>Puedes contactarle al Email: mauri.munoz.oficial@gmail.com<\/p>\n\n\n\n<p>Su actividad social es:&nbsp;<\/p>\n\n\n\n<p>Datos solicitados en el sitio web y finalidad del tratamiento.<\/p>\n\n\n\n<ul class=\"wp-block-list\"><li>Nombre, apellidos y correo electr\u00f3nico en los formularios de contacto: para realizar cualquier contacto directo con MAURI MU\u00d1OZ, ya sea para plantear dudas, comentarios, sugerencias, solicitar un servicio o producto, o cualquier otra informaci\u00f3n. No suministrar los datos personales m\u00ednimos necesarios imposibilitar\u00e1 a MAURI MU\u00d1OZ de responder a la petici\u00f3n.<\/li><li>Nombre, correo electr\u00f3nico: para poder realizar comentarios en el blog del sitio web.<\/li><li>Nombre, apellidos, direcci\u00f3n, tel\u00e9fono, correo electr\u00f3nico, n\u00famero de identificaci\u00f3n fiscal: se solicitar\u00e1 esta informaci\u00f3n al momento del pago del servicio para procesar todo lo relacionado con el cliente.<\/li><li>Nombre, tel\u00e9fono y correo electr\u00f3nico para newsletter: con el debido consentimiento expreso y voluntario del titular de los datos, se solicitar\u00e1 en el sitio web la informaci\u00f3n m\u00ednima necesaria para enviar un bolet\u00edn comercial automatizado, donde se informar\u00e1 sobre publicidad, promociones y otra informaci\u00f3n de los servicios y\/o productos ofrecidos por MAURI MU\u00d1OZ.<\/li><li>Correo electr\u00f3nico: se solicitar\u00e1 el correo electr\u00f3nico para poder acceder al \u00e1rea de cliente, de acuerdo con los datos suministrados al momento de crear la cuenta.<\/li><\/ul>\n\n\n\n<p>MAURI MU\u00d1OZ en todo momento velar\u00e1 porque el uso que se le da al sitio web, a los contenidos, y al tratamiento de los datos personales del usuario, se realicen de la forma m\u00e1s correcta. Para ello, el usuario siempre podr\u00e1 ejercer sus derechos de acceso, rectificaci\u00f3n, limitaci\u00f3n, cancelaci\u00f3n, portabilidad, etc, de acuerdo a la legislacion vigente, escribiendo a mauri.munoz.oficial@gmail.com.<\/p>\n\n\n\n<p>MAURI MU\u00d1OZ no vende ni vender\u00e1 datos personales de los usuarios a otras empresas ni terceros.<\/p>\n\n\n\n<p>MAURI MU\u00d1OZ compartir\u00e1 con terceros los datos que posee, solo para cumplir con los servicios contratados por alg\u00fan usuario, enviar la newsletter, cumplir con exigencias legales o para la administraci\u00f3n del sitio web. A este efecto, se proporcionar\u00e1n los debidos acuerdos de confidencialidad entre las partes.<\/p>\n\n\n\n<p>Los enlaces a terceros que se puedan encontrar en el sitio web poseen pol\u00edticas de privacidad ajenas a MAURI MU\u00d1OZ. El acceso a estos sitios ser\u00e1 responsabilidad del usuario, siendo su responsabilidad conocerlas y su decisi\u00f3n aceptarlas o no.<\/p>\n\n\n\n<h2 class=\"wp-block-heading\">FORMULARIOS<\/h2>\n\n\n\n<p>El sitio web dispone de 4 tipos de formularios:<\/p>\n\n\n\n<p>De contacto: el usuario, cliente o participante podr\u00e1 encontrar formularios que facilitar\u00e1n la comunicaci\u00f3n con MAURI MU\u00d1OZ para plantear dudas, comentarios, solicitar un presupuesto, reservar alguno de los servicios ofrecidos en el sitio web o exigir alg\u00fan derecho que tenga. No suministrar los datos personales m\u00ednimos necesarios imposibilitar\u00e1 a MAURI MU\u00d1OZ responder a la petici\u00f3n. El servidor del sitio web y del correo electr\u00f3nico de MAURI MU\u00d1OZ ser\u00e1n los encargados del tratamiento.<\/p>\n\n\n\n<p>De publicidad: se solicitar\u00e1 a los usuarios, compradores o participantes su consentimiento expreso y voluntario para entregar a MAURI MU\u00d1OZ, los m\u00ednimos datos necesarios para enviar publicidad e informaci\u00f3n comercial relacionada con los servicios y\/o productos ofrecidos por MAURI MU\u00d1OZ, para que se agregue a un fichero automatizado de <em>email marketing<\/em> gestionado por el encargado del tratamiento que se indica m\u00e1s abajo. El tratamiento de los datos personales que se encuentren en esta secci\u00f3n se ha hecho con el consentimiento del titular de los datos.<\/p>\n\n\n\n<p>Para comentarios en el blog: en aras de evitar el <em>spam<\/em>, mensajes inadecuados, y hacer un correcto seguimiento, se solicitar\u00e1 al usuario su nombre, email y sitio web para identificarlo en los comentarios que desee realizar en las entradas del blog. Estos datos ser\u00e1n visibles para otros usuarios del sitio web. Si no desea que los datos sean visibles por otras personas, deber\u00e1 comunicarse con MAURI MU\u00d1OZ al correo electr\u00f3nico mauri.munoz.oficial@gmail.com. El servidor del sitio web ser\u00e1 el encargado del tratamiento y que se realizar\u00e1 con el consentimiento del titular de los datos.<\/p>\n\n\n\n<p>Para procesar la solicitud del servicio: se solicitar\u00e1 a los usuarios, clientes o participantes sus datos para que MAURI MU\u00d1OZ pueda procesar los servicios solicitados por el cliente. Tratamiento leg\u00edtimo de datos personales por la relaci\u00f3n contractual que existe con el cliente o participante. Los datos ser\u00e1n guardados en el servidor del sitio web.<\/p>\n\n\n\n<h2 class=\"wp-block-heading\">DERECHOS<\/h2>\n\n\n\n<p>El usuario tiene los siguientes derechos relacionados con sus datos personales:<\/p>\n\n\n\n<p>Acceso: el usuario puede dirigirse a MAURI MU\u00d1OZ para poder saber los datos que se han recopilado de \u00e9l.<\/p>\n\n\n\n<p>Rectificaci\u00f3n: el usuario puede en cualquier momento rectificar los datos que haya suministrado a MAURI MU\u00d1OZ.<\/p>\n\n\n\n<p>Oposici\u00f3n: siempre que no interrumpa la prestaci\u00f3n de un servicio, o una obligaci\u00f3n legal que posea MAURI MU\u00d1OZ, el usuario podr\u00e1 solicitar el cese al tratamiento de sus datos personales.<\/p>\n\n\n\n<p>Supresi\u00f3n: siempre que no interrumpa la prestaci\u00f3n de un servicio, o una obligaci\u00f3n legal que posea MAURI MU\u00d1OZ, el usuario podr\u00e1 solicitar la eliminaci\u00f3n de sus datos personales.<\/p>\n\n\n\n<p>Limitaci\u00f3n al tratamiento: siempre que no interrumpa la prestaci\u00f3n de un servicio, o una obligaci\u00f3n legal que posea MAURI MU\u00d1OZ, el usuario podr\u00e1 solicitar que sus datos personales sean tratados de la forma como \u00e9l los limite, por ejemplo solicitar que no se modifiquen, que se borren o supriman.<\/p>\n\n\n\n<p>Portabilidad: siempre que el usuario as\u00ed lo solicite y pueda realizarse, podr\u00e1 solicitar una copia de sus datos personales en un formato estructurado, de uso com\u00fan, de lectura mec\u00e1nica e interoperable, o solicitar que se transmita a otro responsable del tratamiento, siempre que el tratamiento se legitime en base al consentimiento o en el marco de la ejecuci\u00f3n de un contrato.<\/p>\n\n\n\n<p>No ser objeto de decisiones individuales automatizadas: en MAURI MU\u00d1OZ no se realizan perfiles automatizados que puedan afectar significativa o negativamente al usuario. Cualquier decisi\u00f3n que se tome con base a un perfil automatizado, es con la \u00fanica finalidad de enviar al usuario una informaci\u00f3n que haya solicitado de acuerdo con sus h\u00e1bitos de navegaci\u00f3n y descarga de materiales en el sitio web.<\/p>\n\n\n\n<p>Informaci\u00f3n: el usuario tiene derecho a saber la forma en la cual son tratados sus datos personales.<\/p>\n\n\n\n<p>Para el ejercicio de cualquiera de estos derechos el usuario puede escribir al correo electr\u00f3nico mauri.munoz.oficial@gmail.com.<\/p>\n\n\n\n<h2 class=\"wp-block-heading\">ENCARGADOS DEL TRATAMIENTO<\/h2>\n\n\n\n<p>MAURI MU\u00d1OZ necesita el apoyo de terceros para ofrecer adecuadamente sus servicios y productos, con los cuales celebra los debidos acuerdos de confidencialidad y verifica el cumplimiento de las normativas sobre protecci\u00f3n de datos personales.<\/p>\n\n\n\n<p>Los datos suministrados a estos terceros no podr\u00e1n ser utilizados para otros fines no autorizados por el titular de los datos.<\/p>\n\n\n\n<p>En cumplimiento de los principios de informaci\u00f3n y transparencia, se hace saber que estos terceros son:<\/p>\n\n\n\n<p>\u2022Hostinger: Proveedor de Hosting (almacenamiento web). Puede consultar su pol\u00edtica de privacidad en https:\/\/www.hostinger.com.ar\/politica-de-privacidad.<\/p>\n\n\n\n<p>\u2022Facebook: Herramienta utilizada como red social y a los fines de conectarse con el titular de los datos. Puede consultarse su pol\u00edtica de privacidad en <a href=\"https:\/\/www.facebook.com\/privacy\/explanation\/\">https:\/\/www.facebook.com\/privacy\/explanation\/<\/a>. Con esta herramienta tambi\u00e9n se maneja la publicidad que se pueda realizar en WhatsApp y\/o Instagram, as\u00ed como el an\u00e1lisis de datos y estad\u00edsticas para una posible segmentaci\u00f3n de la publicidad.<\/p>\n\n\n\n<p>\u2022Google: sistema de publicidad patrocinada (ADS), Servicio de an\u00e1lisis web, para ver las estad\u00edsticas del uso del sitio web (Analytics) y sistema de gesti\u00f3n de etiquetas (Tag Manager). Si desea obtener m\u00e1s informaci\u00f3n sobre su pol\u00edtica de privacidad puede consultar: https:\/\/policies.google.com\/privacy<\/p>\n\n\n\n<p>\u2022Instagram: Red social y aplicaci\u00f3n para subir fotos y v\u00eddeos Para obtener m\u00e1s informaci\u00f3n sobre la pol\u00edtica de privacidad ingresa en: https:\/\/help.instagram.com\/519522125107875\/?helpref=hc_fnav<\/p>\n\n\n\n<p>\u2022Linkedin: Red social orientada a las empresas, a los negocios y el empleo. Su pol\u00edtica de privacidad puede observarse en https:\/\/www.linkedin.com\/legal\/privacy-policy<\/p>\n\n\n\n<p>\u2022TikTok: Red social y aplicaci\u00f3n para subir v\u00eddeos. Para obtener m\u00e1s informaci\u00f3n sobre la pol\u00edtica de privacidad ingresa en: https:\/\/www.tiktok.com\/legal\/privacy-policy-row?lang=es<\/p>\n\n\n\n<p>\u2022Twitter: Red social con sede en San Francisco, California. Su pol\u00edtica de privacidad puede observarse en https:\/\/twitter.com\/es\/privacy<\/p>\n\n\n\n<p>\u2022WhatsApp: Herramienta utilizada para la comunicaci\u00f3n con los usuarios, compradores, clientes y participantes. Su pol\u00edtica de privacidad puede observarse en <a href=\"https:\/\/www.whatsapp.com\/legal?eea=1#privacy-policy\">https:\/\/www.whatsapp.com\/legal?eea=1#privacy-policy<\/a><\/p>\n\n\n\n<p>En casos puntales MAURI MU\u00d1OZ podr\u00e1 utilizar aplicaciones o herramientas que no hayan sido incluidas o nombradas en este listado,&nbsp; por ser una mejor opci\u00f3n que coadyuve a la realizaci\u00f3n de una determinada tarea; si esto sucediera MAURI MU\u00d1OZ notificar\u00e1 de esta situaci\u00f3n a sus usuarios, clientes o participantes seg\u00fan fuere el caso.<\/p>\n\n\n\n<h2 class=\"wp-block-heading\">POL\u00cdTICAS RELACIONADAS CON LA NEWSLETTER<\/h2>\n\n\n\n<p>Estas pol\u00edticas se entender\u00e1n en todo momento como parte complementaria de los t\u00e9rminos y condiciones expuestos en el sitio web, siendo ambos de igual aplicaci\u00f3n al momento de una controversia. La pol\u00edtica de privacidad y de propiedad intelectual aplicada ser\u00e1 la misma que se expone en los t\u00e9rminos y condiciones del sitio web.<\/p>\n\n\n\n<p>Se entender\u00e1 como \u201cnewsletter\u201d al bolet\u00edn digital que MAURI MU\u00d1OZ realiza de forma peri\u00f3dica y que hace llegar a sus suscriptores a trav\u00e9s de un proveedor de servicios de correo electr\u00f3nico externo, al cual el usuario se ha suscrito de manera voluntaria.<\/p>\n\n\n\n<p>MAURI MU\u00d1OZ no est\u00e1 en la obligaci\u00f3n de enviar en per\u00edodos de tiempo definidos la newsletter, por lo que es totalmente libre de hacerlo cuando lo estime conveniente. El usuario podr\u00e1 en todo momento ejercer sus derechos de acceso, rectificaci\u00f3n, cancelaci\u00f3n u oposici\u00f3n siguiendo las instrucciones que encontrar\u00e1 en el pie de p\u00e1gina de la newsletter.<\/p>\n\n\n\n<p>El usuario no deber\u00e1 compartir su contenido con terceros, ya que esto violar\u00eda los derechos de autor de MAURI MU\u00d1OZ. El \u00fanico canal de distribuci\u00f3n posible es el administrado y\/o autorizado por MAURI MU\u00d1OZ.<\/p>\n\n\n\n<p>MAURI MU\u00d1OZ no se har\u00e1 responsable por el contenido de terceros expuesto en la newsletter, cualquier controversia que surja deber\u00e1 ser tratada directamente con la persona o empresa de la cual se hace menci\u00f3n.<\/p>\n\n\n\n<p>Todo el material que se expone en la newsletter est\u00e1 protegido por derechos de autor a favor de MAURI MU\u00d1OZ, y en el caso de pertenecer a terceros, se entender\u00e1 que MAURI MU\u00d1OZ tiene la debida autorizaci\u00f3n para utilizarlo como se haya convenido con el autor.<\/p>\n\n\n\n<h2 class=\"wp-block-heading\">INTER\u00c9S LEG\u00cdTIMO<\/h2>\n\n\n\n<p>Cuando se realice un lanzamiento de productos o servicios nuevos, o promociones especiales por tiempo determinado, se recoger\u00e1 el nombre y correo electr\u00f3nico de los usuarios del sitio web mediante un formulario. Este tratamiento de datos personales se har\u00e1 con base en el inter\u00e9s leg\u00edtimo que posee MAURI MU\u00d1OZ para aumentar sus ventas, dar a conocer sus productos o servicios y cumplir con la finalidad de enviarle al titular de los datos la informaci\u00f3n prometida en el sitio web.<\/p>\n\n\n\n<p>Este tratamiento ser\u00e1 realizado mientras perdure el inter\u00e9s leg\u00edtimo de MAURI MU\u00d1OZ.&nbsp;<\/p>\n\n\n\n<p>Para saber si este inter\u00e9s es proporcionado y respetuoso con los derechos de los titulares de los datos, se ha realizado una ponderaci\u00f3n que puede ser solicitada en cualquier momento escribiendo al correo electr\u00f3nico mauri.munoz.oficial@gmail.com.<\/p>\n\n\n\n<h2 class=\"wp-block-heading\">DURACI\u00d3N DEL TRATAMIENTO<\/h2>\n\n\n\n<p>En el caso de los datos personales suministrados para facturaci\u00f3n y compra de productos o servicios, ser\u00e1n guardados por el tiempo legalmente aplicable.<\/p>\n\n\n\n<p>En el caso de los datos personales suministrados para boletines comerciales electr\u00f3nicos y comentarios en el blog, ser\u00e1 por el tiempo que el titular de los datos desee permanecer en la lista de suscripci\u00f3n, por lo que podr\u00e1 darse de baja en el momento que as\u00ed lo desee, de forma autom\u00e1tica como se indica en cada bolet\u00edn, o escribiendo al mauri.munoz.oficial@gmail.com.<\/p>\n<\/div><\/div>\n","protected":false},"excerpt":{"rendered":"<p>Pol\u00edtica de Privacidad Desde MAURI MU\u00d1OZ tratamos los datos personales con respeto y sensibilidad. Esta pol\u00edtica de privacidad junto con el aviso legal, pol\u00edtica de cookies, de ventas, t\u00e9rminos y condiciones, y cualquier otra pol\u00edtica a la que se haga referencia, identifica c\u00f3mo se recopilan y procesan los datos personales que se reciben en este [&hellip;]<\/p>\n","protected":false},"author":1,"featured_media":0,"parent":0,"menu_order":0,"comment_status":"closed","ping_status":"open","template":"","meta":{"spay_email":"","footnotes":""},"class_list":["post-3","page","type-page","status-publish","hentry","entry","owp-thumbs-layout-horizontal","owp-btn-normal","owp-tabs-layout-horizontal","has-no-thumbnails","has-product-nav","circle-sale"],"yoast_head":"<!-- This site is optimized with the Yoast SEO plugin v27.4 - https:\/\/yoast.com\/product\/yoast-seo-wordpress\/ -->\n<title>Pol\u00edtica de privacidad - MAURI MU\u00d1OZ<\/title>\n<meta name=\"robots\" content=\"index, follow, max-snippet:-1, max-image-preview:large, max-video-preview:-1\" \/>\n<link rel=\"canonical\" href=\"https:\/\/www.maurimunoz.com\/index.php\/politica-privacidad\/\" \/>\n<meta property=\"og:locale\" content=\"es_ES\" \/>\n<meta property=\"og:type\" content=\"article\" \/>\n<meta property=\"og:title\" content=\"Pol\u00edtica de privacidad - MAURI MU\u00d1OZ\" \/>\n<meta property=\"og:description\" content=\"Pol\u00edtica de Privacidad Desde MAURI MU\u00d1OZ tratamos los datos personales con respeto y sensibilidad. Esta pol\u00edtica de privacidad junto con el aviso legal, pol\u00edtica de cookies, de ventas, t\u00e9rminos y condiciones, y cualquier otra pol\u00edtica a la que se haga referencia, identifica c\u00f3mo se recopilan y procesan los datos personales que se reciben en este [&hellip;]\" \/>\n<meta property=\"og:url\" content=\"https:\/\/www.maurimunoz.com\/index.php\/politica-privacidad\/\" \/>\n<meta property=\"og:site_name\" content=\"MAURI MU\u00d1OZ\" \/>\n<meta property=\"article:publisher\" content=\"https:\/\/www.facebook.com\/mauri.munoz.futuro\" \/>\n<meta property=\"article:modified_time\" content=\"2022-05-10T23:00:35+00:00\" \/>\n<meta name=\"twitter:card\" content=\"summary_large_image\" \/>\n<meta name=\"twitter:site\" content=\"@MauriMunoz360\" \/>\n<meta name=\"twitter:label1\" content=\"Tiempo de lectura\" \/>\n\t<meta name=\"twitter:data1\" content=\"10 minutos\" \/>\n<script type=\"application\/ld+json\" class=\"yoast-schema-graph\">{\"@context\":\"https:\\\/\\\/schema.org\",\"@graph\":[{\"@type\":\"WebPage\",\"@id\":\"https:\\\/\\\/www.maurimunoz.com\\\/index.php\\\/politica-privacidad\\\/\",\"url\":\"https:\\\/\\\/www.maurimunoz.com\\\/index.php\\\/politica-privacidad\\\/\",\"name\":\"Pol\u00edtica de privacidad - MAURI MU\u00d1OZ\",\"isPartOf\":{\"@id\":\"https:\\\/\\\/www.maurimunoz.com\\\/#website\"},\"datePublished\":\"2022-01-10T20:19:09+00:00\",\"dateModified\":\"2022-05-10T23:00:35+00:00\",\"breadcrumb\":{\"@id\":\"https:\\\/\\\/www.maurimunoz.com\\\/index.php\\\/politica-privacidad\\\/#breadcrumb\"},\"inLanguage\":\"es-AR\",\"potentialAction\":[{\"@type\":\"ReadAction\",\"target\":[\"https:\\\/\\\/www.maurimunoz.com\\\/index.php\\\/politica-privacidad\\\/\"]}]},{\"@type\":\"BreadcrumbList\",\"@id\":\"https:\\\/\\\/www.maurimunoz.com\\\/index.php\\\/politica-privacidad\\\/#breadcrumb\",\"itemListElement\":[{\"@type\":\"ListItem\",\"position\":1,\"name\":\"Inicio\",\"item\":\"https:\\\/\\\/www.maurimunoz.com\\\/\"},{\"@type\":\"ListItem\",\"position\":2,\"name\":\"Pol\u00edtica de privacidad\"}]},{\"@type\":\"WebSite\",\"@id\":\"https:\\\/\\\/www.maurimunoz.com\\\/#website\",\"url\":\"https:\\\/\\\/www.maurimunoz.com\\\/\",\"name\":\"MAURI MU\u00d1OZ\",\"description\":\"Proyectate al futuro\",\"potentialAction\":[{\"@type\":\"SearchAction\",\"target\":{\"@type\":\"EntryPoint\",\"urlTemplate\":\"https:\\\/\\\/www.maurimunoz.com\\\/?s={search_term_string}\"},\"query-input\":{\"@type\":\"PropertyValueSpecification\",\"valueRequired\":true,\"valueName\":\"search_term_string\"}}],\"inLanguage\":\"es-AR\"}]}<\/script>\n<!-- \/ Yoast SEO plugin. -->","yoast_head_json":{"title":"Pol\u00edtica de privacidad - MAURI MU\u00d1OZ","robots":{"index":"index","follow":"follow","max-snippet":"max-snippet:-1","max-image-preview":"max-image-preview:large","max-video-preview":"max-video-preview:-1"},"canonical":"https:\/\/www.maurimunoz.com\/index.php\/politica-privacidad\/","og_locale":"es_ES","og_type":"article","og_title":"Pol\u00edtica de privacidad - MAURI MU\u00d1OZ","og_description":"Pol\u00edtica de Privacidad Desde MAURI MU\u00d1OZ tratamos los datos personales con respeto y sensibilidad. Esta pol\u00edtica de privacidad junto con el aviso legal, pol\u00edtica de cookies, de ventas, t\u00e9rminos y condiciones, y cualquier otra pol\u00edtica a la que se haga referencia, identifica c\u00f3mo se recopilan y procesan los datos personales que se reciben en este [&hellip;]","og_url":"https:\/\/www.maurimunoz.com\/index.php\/politica-privacidad\/","og_site_name":"MAURI MU\u00d1OZ","article_publisher":"https:\/\/www.facebook.com\/mauri.munoz.futuro","article_modified_time":"2022-05-10T23:00:35+00:00","twitter_card":"summary_large_image","twitter_site":"@MauriMunoz360","twitter_misc":{"Tiempo de lectura":"10 minutos"},"schema":{"@context":"https:\/\/schema.org","@graph":[{"@type":"WebPage","@id":"https:\/\/www.maurimunoz.com\/index.php\/politica-privacidad\/","url":"https:\/\/www.maurimunoz.com\/index.php\/politica-privacidad\/","name":"Pol\u00edtica de privacidad - MAURI MU\u00d1OZ","isPartOf":{"@id":"https:\/\/www.maurimunoz.com\/#website"},"datePublished":"2022-01-10T20:19:09+00:00","dateModified":"2022-05-10T23:00:35+00:00","breadcrumb":{"@id":"https:\/\/www.maurimunoz.com\/index.php\/politica-privacidad\/#breadcrumb"},"inLanguage":"es-AR","potentialAction":[{"@type":"ReadAction","target":["https:\/\/www.maurimunoz.com\/index.php\/politica-privacidad\/"]}]},{"@type":"BreadcrumbList","@id":"https:\/\/www.maurimunoz.com\/index.php\/politica-privacidad\/#breadcrumb","itemListElement":[{"@type":"ListItem","position":1,"name":"Inicio","item":"https:\/\/www.maurimunoz.com\/"},{"@type":"ListItem","position":2,"name":"Pol\u00edtica de privacidad"}]},{"@type":"WebSite","@id":"https:\/\/www.maurimunoz.com\/#website","url":"https:\/\/www.maurimunoz.com\/","name":"MAURI MU\u00d1OZ","description":"Proyectate al futuro","potentialAction":[{"@type":"SearchAction","target":{"@type":"EntryPoint","urlTemplate":"https:\/\/www.maurimunoz.com\/?s={search_term_string}"},"query-input":{"@type":"PropertyValueSpecification","valueRequired":true,"valueName":"search_term_string"}}],"inLanguage":"es-AR"}]}},"_links":{"self":[{"href":"https:\/\/www.maurimunoz.com\/index.php\/wp-json\/wp\/v2\/pages\/3","targetHints":{"allow":["GET"]}}],"collection":[{"href":"https:\/\/www.maurimunoz.com\/index.php\/wp-json\/wp\/v2\/pages"}],"about":[{"href":"https:\/\/www.maurimunoz.com\/index.php\/wp-json\/wp\/v2\/types\/page"}],"author":[{"embeddable":true,"href":"https:\/\/www.maurimunoz.com\/index.php\/wp-json\/wp\/v2\/users\/1"}],"replies":[{"embeddable":true,"href":"https:\/\/www.maurimunoz.com\/index.php\/wp-json\/wp\/v2\/comments?post=3"}],"version-history":[{"count":2,"href":"https:\/\/www.maurimunoz.com\/index.php\/wp-json\/wp\/v2\/pages\/3\/revisions"}],"predecessor-version":[{"id":1714,"href":"https:\/\/www.maurimunoz.com\/index.php\/wp-json\/wp\/v2\/pages\/3\/revisions\/1714"}],"wp:attachment":[{"href":"https:\/\/www.maurimunoz.com\/index.php\/wp-json\/wp\/v2\/media?parent=3"}],"curies":[{"name":"wp","href":"https:\/\/api.w.org\/{rel}","templated":true}]}}