{"id":23,"date":"2022-01-14T15:22:54","date_gmt":"2022-01-14T18:22:54","guid":{"rendered":"http:\/\/www.maurimunoz.com\/?page_id=23"},"modified":"2022-05-10T20:08:18","modified_gmt":"2022-05-10T23:08:18","slug":"home","status":"publish","type":"page","link":"https:\/\/www.maurimunoz.com\/","title":{"rendered":"HOME"},"content":{"rendered":"\n<div class=\"wp-block-cover alignfull has-custom-content-position is-position-center-left seccion1\" style=\"min-height:720px;aspect-ratio:unset;\"><span aria-hidden=\"true\" class=\"has-black-background-color has-background-dim-20 wp-block-cover__gradient-background has-background-dim\"><\/span><img loading=\"lazy\" decoding=\"async\" width=\"1200\" height=\"1500\" class=\"wp-block-cover__image-background wp-image-355\" alt=\"\" src=\"https:\/\/i0.wp.com\/www.maurimunoz.com\/wp-content\/uploads\/2022\/01\/imagen-fondo-negro-2000px.jpg?resize=1200%2C1500&#038;ssl=1\" style=\"object-position:16% 8%\" data-object-fit=\"cover\" data-object-position=\"16% 8%\" srcset=\"https:\/\/i0.wp.com\/www.maurimunoz.com\/wp-content\/uploads\/2022\/01\/imagen-fondo-negro-2000px.jpg?w=2000&amp;ssl=1 2000w, https:\/\/i0.wp.com\/www.maurimunoz.com\/wp-content\/uploads\/2022\/01\/imagen-fondo-negro-2000px.jpg?resize=600%2C750&amp;ssl=1 600w, https:\/\/i0.wp.com\/www.maurimunoz.com\/wp-content\/uploads\/2022\/01\/imagen-fondo-negro-2000px.jpg?resize=240%2C300&amp;ssl=1 240w, https:\/\/i0.wp.com\/www.maurimunoz.com\/wp-content\/uploads\/2022\/01\/imagen-fondo-negro-2000px.jpg?resize=819%2C1024&amp;ssl=1 819w, https:\/\/i0.wp.com\/www.maurimunoz.com\/wp-content\/uploads\/2022\/01\/imagen-fondo-negro-2000px.jpg?resize=768%2C960&amp;ssl=1 768w, https:\/\/i0.wp.com\/www.maurimunoz.com\/wp-content\/uploads\/2022\/01\/imagen-fondo-negro-2000px.jpg?resize=1229%2C1536&amp;ssl=1 1229w, https:\/\/i0.wp.com\/www.maurimunoz.com\/wp-content\/uploads\/2022\/01\/imagen-fondo-negro-2000px.jpg?resize=1638%2C2048&amp;ssl=1 1638w\" sizes=\"auto, (max-width: 1200px) 100vw, 1200px\" data-recalc-dims=\"1\" \/><div class=\"wp-block-cover__inner-container is-layout-flow wp-block-cover-is-layout-flow\">\n<p class=\"frase has-large-font-size\">\n<span class=\"has-inline-color has-white-color\">El influenciador de <br><\/span>\n<strong><span class=\"has-inline-color has-white-color cinta\">hombres y mujeres<br><\/span><\/strong>\n<span class=\"has-inline-color has-white-color\">de la pol\u00edtica m\u00e1s<br><\/span>\n<strong><span class=\"has-inline-color has-white-color\">innovador y disruptivo<br><\/span><\/strong>\n<strong><span class=\"has-inline-color has-white-color\">DE HABLA HISPANA<\/span><\/strong>\n\n <\/p>\n\n\n\n<div style=\"position: absolute;width: 95%;margin-top:80px\" class=\"sln-redes-sociales\">\n<p class=\"has-text-align-center has-white-color has-text-color has-medium-font-size\" style=\"margin:0px;\">S\u00edgueme en mis redes sociales<\/p>\n<div class=\"wp-block-social-links aligncenter has-huge-icon-size has-icon-color has-icon-background-color\">\n<a target=\"_blank\" href=\"https:\/\/www.instagram.com\/maurimunozoficial\" rel=\"noopener\"><i class=\"wp-social-link fab fa-instagram\"><\/i><\/a>\n<a target=\"_blank\" href=\"https:\/\/www.facebook.com\/mauri.munoz.futuro\" rel=\"noopener\"><i class=\"wp-social-link fab fa-facebook-square\"><\/i><\/a>\n<a target=\"_blank\" href=\"https:\/\/www.youtube.com\/channel\/UCfUerYHERcP0I4s9zuLCjqg\" rel=\"noopener\"><i class=\"wp-social-link fab fa-youtube\"><\/i><\/a>\n<a target=\"_blank\" href=\"https:\/\/twitter.com\/MauriMunoz360\" rel=\"noopener\"><i class=\"wp-social-link fab fa-twitter\"><\/i><\/a>\n<a target=\"_blank\" href=\"https:\/\/www.linkedin.com\/in\/mauricio-munoz21\/\" rel=\"noopener\"><i class=\"wp-social-link fab fa-linkedin\"><\/i><\/a>\n<a target=\"_blank\" href=\"https:\/\/www.tiktok.com\/@maurimunozfuturo\" rel=\"noopener\"><i class=\"wp-social-link fab fa-tiktok\"><\/i><\/a>\n<a target=\"_blank\" href=\"https:\/\/open.spotify.com\/show\/0tietT5nh1lAdfoxjN7BPf?si=rvRkKwlJQQOKtwgA008gKg&amp;utm_source=copy-link\" rel=\"noopener\"><i class=\"wp-social-link fab fa-spotify\"><\/i><\/a>\n<a target=\"_blank\" href=\"https:\/\/s.kw.ai\/u\/bi4pqEBP\" rel=\"noopener\"><img decoding=\"async\" src=\"https:\/\/i0.wp.com\/www.maurimunoz.com\/wp-content\/uploads\/2022\/04\/logo-kwai.png?w=1200&#038;ssl=1\" style=\"min-width: 55px;max-width: 55px;\" data-recalc-dims=\"1\"><\/a>\n<a target=\"_blank\" href=\"https:\/\/web.telegram.org\/k\/\" rel=\"noopener\"><i class=\"wp-social-link fab fa-telegram\"><\/i><\/a>\n<\/div>\n<\/div>\n<\/div><\/div>\n\n\n\n<div class=\"wp-block-group\"><div class=\"wp-block-group__inner-container is-layout-flow wp-block-group-is-layout-flow\">\n<h2 class=\"has-white-color has-text-color wp-block-heading\" id=\"testimonios-y-casos-de-exito\" style=\"font-size:30px\">Testimonios y casos de \u00e9xito<\/h2>\n\n\n\n<div class=\"wp-block-nextend-smartslider3\"><\/div>\n\n\n\n<p style=\"text-align: center;\"><a id=\"btn-estandar\" href=\"https:\/\/www.maurimunoz.com\/index.php\/sobremauri\/\">Ver M\u00e1s<\/a><\/p>\n<\/div><\/div>\n\n\n\n<div class=\"wp-block-cover alignfull\" style=\"min-height:600px;aspect-ratio:unset;\"><span aria-hidden=\"true\" class=\"has-background-dim-70 wp-block-cover__gradient-background has-background-dim\"><\/span><img loading=\"lazy\" decoding=\"async\" width=\"1024\" height=\"683\" class=\"wp-block-cover__image-background wp-image-289\" alt=\"\" src=\"https:\/\/i0.wp.com\/www.maurimunoz.com\/wp-content\/uploads\/2022\/01\/imagen-background.jpg?resize=1024%2C683&#038;ssl=1\" style=\"object-position:0% 0%\" data-object-fit=\"cover\" data-object-position=\"0% 0%\" srcset=\"https:\/\/i0.wp.com\/www.maurimunoz.com\/wp-content\/uploads\/2022\/01\/imagen-background-scaled.jpg?resize=1024%2C683&amp;ssl=1 1024w, https:\/\/i0.wp.com\/www.maurimunoz.com\/wp-content\/uploads\/2022\/01\/imagen-background-scaled.jpg?resize=600%2C400&amp;ssl=1 600w, https:\/\/i0.wp.com\/www.maurimunoz.com\/wp-content\/uploads\/2022\/01\/imagen-background-scaled.jpg?resize=300%2C200&amp;ssl=1 300w, https:\/\/i0.wp.com\/www.maurimunoz.com\/wp-content\/uploads\/2022\/01\/imagen-background-scaled.jpg?resize=768%2C512&amp;ssl=1 768w, https:\/\/i0.wp.com\/www.maurimunoz.com\/wp-content\/uploads\/2022\/01\/imagen-background-scaled.jpg?resize=1536%2C1024&amp;ssl=1 1536w, https:\/\/i0.wp.com\/www.maurimunoz.com\/wp-content\/uploads\/2022\/01\/imagen-background-scaled.jpg?resize=2048%2C1365&amp;ssl=1 2048w, https:\/\/i0.wp.com\/www.maurimunoz.com\/wp-content\/uploads\/2022\/01\/imagen-background-scaled.jpg?w=2400&amp;ssl=1 2400w\" sizes=\"auto, (max-width: 1024px) 100vw, 1024px\" data-recalc-dims=\"1\" \/><div class=\"wp-block-cover__inner-container is-layout-flow wp-block-cover-is-layout-flow\">\n<div style=\"width: 95%;\" class=\"sln-container sln-cursos\">\n  <div class=\"sln-curso\">\n\n<img decoding=\"async\" src=\"https:\/\/i0.wp.com\/www.maurimunoz.com\/wp-content\/uploads\/2022\/05\/portada-plan-de-futuro-de-ciudades.jpg?w=1200&#038;ssl=1\" style=\"border-radius: 10px\" data-recalc-dims=\"1\">\n    <div style=\"text-align: left;\">\n<p><strong style=\"font-size: 25px;\">Plan de futuro para ciudades<\/strong><br>Visi\u00f3n 360 el Plan de Futuro de Ciudades es la herramienta disruptiva e innovadora que toda ciudad deber\u00eda aplicar para posicionarse de manera competitiva en el nuevo contexto de ciudades globales.<\/p>\n      <\/div>\n  <\/div>\n  <div class=\"sln-curso\">\n\n<img decoding=\"async\" src=\"https:\/\/i0.wp.com\/www.maurimunoz.com\/wp-content\/uploads\/2022\/05\/portada-plan-de-futuro-muj-y-hombres.jpg?w=1200&#038;ssl=1\" style=\"border-radius: 10px\" data-recalc-dims=\"1\">\n    <div style=\"text-align: left;\">\n<p><strong style=\"font-size: 25px;\">Plan de futuro para mujeres y hombres de la pol\u00edtica<\/strong><br>Participa del programa m\u00e1s disruptivo e innovador de habla hispana para la mujer y el hombre de la pol\u00edtica. Anticipa las tendencias del futuro y permite planear tu carrera pol\u00edtica desde una perspectiva de 360 grados a trav\u00e9s de un equilibrio en el plano f\u00edsico, mental, espiritual y emocional.\n<\/p>\n      <\/div>\n  <\/div>\n  <div class=\"sln-curso\">\n\n<img decoding=\"async\" src=\"https:\/\/i0.wp.com\/www.maurimunoz.com\/wp-content\/uploads\/2022\/05\/portada-plan-de-futuro-org-y-emp.jpg?w=1200&#038;ssl=1\" style=\"border-radius: 10px\" data-recalc-dims=\"1\">\n    <div style=\"text-align: left;\">\n<p><strong style=\"font-size: 25px;\">Plan de futuro para organizaciones y empresas<\/strong><br>Visi\u00f3n 360 \u201cPlan de Futuro de Empresas y Organizaciones de Ciudades Competitivas\u201d es la metodolog\u00eda m\u00e1s innovadora para planificar el futuro, anticipar los cambios del contexto global y entrenar al personal de las empresas y organizaciones en la b\u00fasqueda de una mayor competitividad, productividad y eficiencia a trav\u00e9s del logro de un equilibrio en el plano f\u00edsico, mental, espiritual y emocional.\n<\/p>\n      <\/div>\n  <\/div>\n  <div class=\"sln-curso\">\n\n<img decoding=\"async\" src=\"https:\/\/i0.wp.com\/www.maurimunoz.com\/wp-content\/uploads\/2022\/05\/portada-programacion.jpg?w=1200&#038;ssl=1\" style=\"border-radius: 10px\" data-recalc-dims=\"1\">\n    <div style=\"text-align: left;\">\n<p><strong style=\"font-size: 25px;\">Programaci\u00f3n para el futuro<\/strong><br>Estamos en la mayor transformaci\u00f3n de la humanidad a trav\u00e9s de los siglos. Los cambios en la tecnolog\u00eda digital lo cambiar\u00e1n y lo est\u00e1n cambiando casi todo.\nEsto significa que las ciudades y sus personas deber\u00e1n estar extremadamente preparados para hacerle frente a este nuevo escenario digital que aumentar\u00e1 el desempleo y que dejar\u00e1 de juego a las ciudades que no tengan preparado al recurso humano calificado para hacerle frente a esta nueva econom\u00eda.\n<\/p>\n      <\/div>\n  <\/div>\n<\/div>\n\n\n\n<h2 class=\"wp-block-heading\"><\/h2>\n<\/div><\/div>\n\n\n\n<div class=\"sln-banner-show-container\">\n\n\t\t\t\t<div class=\"sln-banner-show-left\">\n\t\t\t\t\t<img decoding=\"async\" src=\"https:\/\/i0.wp.com\/www.maurimunoz.com\/wp-content\/uploads\/2022\/01\/banner2logo2.jpg?w=1200&#038;ssl=1\" style=\"width: 100%;\" data-recalc-dims=\"1\"><\/img>\n\t\t\t\t\t<p style=\"text-align: center;\">\n\t\t\t\t\t\t<strong>SEMINARIO SHOW<\/strong><br>\n\t\t\t\t\t\tPREPARA EL FUTURO<br>\n<p style=\"text-align: center;\"><a id=\"btn-estandar\" href=\"https:\/\/www.maurimunoz.com\/index.php\/sobremauri\/\">Ver M\u00e1s<\/a><\/p>\n\t\t\t\t\t<\/p>\n\n\t\t\t\t<\/div>\n\t\t\t\t<div style=\"margin: auto;\"><\/div>\n\t\t\t\t<img decoding=\"async\" src=\"https:\/\/i0.wp.com\/www.maurimunoz.com\/wp-content\/uploads\/2022\/01\/banner2mm.jpg?w=1200&#038;ssl=1\" style=\"min-width: 272px;margin-right:0%;\" data-recalc-dims=\"1\">\n\t\t<\/div>\n\n\n\n<figure class=\"wp-block-image alignfull size-large\"><a href=\"http:\/\/www.cursos.maurimunoz.com\/\"><img loading=\"lazy\" decoding=\"async\" width=\"1024\" height=\"256\" src=\"https:\/\/i0.wp.com\/www.maurimunoz.com\/wp-content\/uploads\/2022\/01\/banner-01.jpg?resize=1024%2C256&#038;ssl=1\" alt=\"Banner01\" class=\"wp-image-576\" srcset=\"https:\/\/i0.wp.com\/www.maurimunoz.com\/wp-content\/uploads\/2022\/01\/banner-01.jpg?resize=1024%2C256&amp;ssl=1 1024w, https:\/\/i0.wp.com\/www.maurimunoz.com\/wp-content\/uploads\/2022\/01\/banner-01.jpg?resize=600%2C150&amp;ssl=1 600w, https:\/\/i0.wp.com\/www.maurimunoz.com\/wp-content\/uploads\/2022\/01\/banner-01.jpg?resize=300%2C75&amp;ssl=1 300w, https:\/\/i0.wp.com\/www.maurimunoz.com\/wp-content\/uploads\/2022\/01\/banner-01.jpg?resize=768%2C192&amp;ssl=1 768w, https:\/\/i0.wp.com\/www.maurimunoz.com\/wp-content\/uploads\/2022\/01\/banner-01.jpg?resize=1536%2C384&amp;ssl=1 1536w, https:\/\/i0.wp.com\/www.maurimunoz.com\/wp-content\/uploads\/2022\/01\/banner-01.jpg?w=2000&amp;ssl=1 2000w\" sizes=\"auto, (max-width: 1024px) 100vw, 1024px\" data-recalc-dims=\"1\" \/><\/a><\/figure>\n\n\n\n<div class=\"wp-block-group alignfull sln-blogs-background\"><div class=\"wp-block-group__inner-container is-layout-flow wp-block-group-is-layout-flow\">\n<h2 class=\"has-white-color has-text-color wp-block-heading\" id=\"estos-son-tres-de-los-articulos-mas-leidos-en-mi-blog-disfrutalos\" style=\"font-size:30px\">Estos son tres de los art\u00edculos m\u00e1s  le\u00eddos en mi blog. !Disfr\u00fatalos!<\/h2>\n\n\n\n<div class=\"wp-block-columns is-layout-flex wp-container-core-columns-is-layout-9d6595d7 wp-block-columns-is-layout-flex\">\n<div class=\"wp-block-column sln-blogs is-layout-flow wp-block-column-is-layout-flow\" style=\"flex-basis:100%\">\n<div class=\"wp-block-group\"><div class=\"wp-block-group__inner-container is-layout-flow wp-block-group-is-layout-flow\"><ul class=\"wp-block-latest-posts__list wp-block-latest-posts\"><li><div class=\"wp-block-latest-posts__featured-image alignleft\"><a href=\"https:\/\/www.maurimunoz.com\/index.php\/2022\/08\/01\/preguntas-poderosas-para-un-candidato\/\" aria-label=\"Preguntas poderosas para un candidato\"><img loading=\"lazy\" decoding=\"async\" width=\"150\" height=\"150\" src=\"https:\/\/i0.wp.com\/www.maurimunoz.com\/wp-content\/uploads\/2022\/08\/DSC08166-min-scaled.jpg?resize=150%2C150&amp;ssl=1\" class=\"attachment-thumbnail size-thumbnail wp-post-image\" alt=\"Preguntas poderosas para un candidato en campa\u00f1a\" style=\"max-width:300px;max-height:300px;\" srcset=\"https:\/\/i0.wp.com\/www.maurimunoz.com\/wp-content\/uploads\/2022\/08\/DSC08166-min-scaled.jpg?resize=150%2C150&amp;ssl=1 150w, https:\/\/i0.wp.com\/www.maurimunoz.com\/wp-content\/uploads\/2022\/08\/DSC08166-min-scaled.jpg?resize=300%2C300&amp;ssl=1 300w, https:\/\/i0.wp.com\/www.maurimunoz.com\/wp-content\/uploads\/2022\/08\/DSC08166-min-scaled.jpg?resize=100%2C100&amp;ssl=1 100w, https:\/\/i0.wp.com\/www.maurimunoz.com\/wp-content\/uploads\/2022\/08\/DSC08166-min-scaled.jpg?zoom=3&amp;resize=150%2C150&amp;ssl=1 450w\" sizes=\"auto, (max-width: 150px) 100vw, 150px\" \/><\/a><\/div><a class=\"wp-block-latest-posts__post-title\" href=\"https:\/\/www.maurimunoz.com\/index.php\/2022\/08\/01\/preguntas-poderosas-para-un-candidato\/\">Preguntas poderosas para un candidato<\/a><div class=\"wp-block-latest-posts__post-excerpt\">Preguntas poderosas para un candidato en campa\u00f1a busca ayudar a generar un espacio de reflexi\u00f3n por parte del candidato. El objetivo primordial en el ritmo fren\u00e9tico dentro de una campa\u00f1a electoral, es un horizonte que muchas veces se pierde de vista. La vor\u00e1gine siempre ofrece puertas para que los objetivos planteados por el estratega de&#8230; <a class=\"wp-block-latest-posts__read-more\" href=\"https:\/\/www.maurimunoz.com\/index.php\/2022\/08\/01\/preguntas-poderosas-para-un-candidato\/\" rel=\"noopener noreferrer\">Leer m\u00e1s<span class=\"screen-reader-text\">: Preguntas poderosas para un candidato<\/span><\/a><\/div><\/li>\n<li><div class=\"wp-block-latest-posts__featured-image alignleft\"><a href=\"https:\/\/www.maurimunoz.com\/index.php\/2022\/07\/28\/comunicacion-gubernamental\/\" aria-label=\"Comunicaci\u00f3n gubernamental: Dos aspectos centrales\"><img loading=\"lazy\" decoding=\"async\" width=\"150\" height=\"150\" src=\"https:\/\/i0.wp.com\/www.maurimunoz.com\/wp-content\/uploads\/2022\/06\/DSC08093-min-scaled.jpg?resize=150%2C150&amp;ssl=1\" class=\"attachment-thumbnail size-thumbnail wp-post-image\" alt=\"El modelo de una Smart City \u2013PARTE I\" style=\"max-width:300px;max-height:300px;\" srcset=\"https:\/\/i0.wp.com\/www.maurimunoz.com\/wp-content\/uploads\/2022\/06\/DSC08093-min-scaled.jpg?resize=150%2C150&amp;ssl=1 150w, https:\/\/i0.wp.com\/www.maurimunoz.com\/wp-content\/uploads\/2022\/06\/DSC08093-min-scaled.jpg?resize=300%2C300&amp;ssl=1 300w, https:\/\/i0.wp.com\/www.maurimunoz.com\/wp-content\/uploads\/2022\/06\/DSC08093-min-scaled.jpg?resize=100%2C100&amp;ssl=1 100w, https:\/\/i0.wp.com\/www.maurimunoz.com\/wp-content\/uploads\/2022\/06\/DSC08093-min-scaled.jpg?zoom=3&amp;resize=150%2C150&amp;ssl=1 450w\" sizes=\"auto, (max-width: 150px) 100vw, 150px\" \/><\/a><\/div><a class=\"wp-block-latest-posts__post-title\" href=\"https:\/\/www.maurimunoz.com\/index.php\/2022\/07\/28\/comunicacion-gubernamental\/\">Comunicaci\u00f3n gubernamental: Dos aspectos centrales<\/a><div class=\"wp-block-latest-posts__post-excerpt\">Comunicaci\u00f3n gubernamental es una de las \u00e1reas claves dentro de una gesti\u00f3n local. Para generar una imagen positiva de la gesti\u00f3n en la opini\u00f3n p\u00fablica es muy importante la elecci\u00f3n de los temas sobre los cuales se pretende llamar la atenci\u00f3n del ciudadano. Pero antes estos ejes nos focalizar\u00e1n en lo relevante. Comunicaci\u00f3n gubernamental: El&#8230; <a class=\"wp-block-latest-posts__read-more\" href=\"https:\/\/www.maurimunoz.com\/index.php\/2022\/07\/28\/comunicacion-gubernamental\/\" rel=\"noopener noreferrer\">Leer m\u00e1s<span class=\"screen-reader-text\">: Comunicaci\u00f3n gubernamental: Dos aspectos centrales<\/span><\/a><\/div><\/li>\n<li><div class=\"wp-block-latest-posts__featured-image alignleft\"><a href=\"https:\/\/www.maurimunoz.com\/index.php\/2022\/07\/26\/ejes-en-una-estrategia-comunicacional\/\" aria-label=\"Ejes en una estrategia comunicacional de gesti\u00f3n\"><img loading=\"lazy\" decoding=\"async\" width=\"150\" height=\"150\" src=\"https:\/\/i0.wp.com\/www.maurimunoz.com\/wp-content\/uploads\/2022\/07\/DSC08177-min-scaled.jpg?resize=150%2C150&amp;ssl=1\" class=\"attachment-thumbnail size-thumbnail wp-post-image\" alt=\"Ejes en una estrategia comunicacional de gesti\u00f3n\" style=\"max-width:300px;max-height:300px;\" srcset=\"https:\/\/i0.wp.com\/www.maurimunoz.com\/wp-content\/uploads\/2022\/07\/DSC08177-min-scaled.jpg?resize=150%2C150&amp;ssl=1 150w, https:\/\/i0.wp.com\/www.maurimunoz.com\/wp-content\/uploads\/2022\/07\/DSC08177-min-scaled.jpg?resize=300%2C300&amp;ssl=1 300w, https:\/\/i0.wp.com\/www.maurimunoz.com\/wp-content\/uploads\/2022\/07\/DSC08177-min-scaled.jpg?resize=100%2C100&amp;ssl=1 100w, https:\/\/i0.wp.com\/www.maurimunoz.com\/wp-content\/uploads\/2022\/07\/DSC08177-min-scaled.jpg?zoom=3&amp;resize=150%2C150&amp;ssl=1 450w\" sizes=\"auto, (max-width: 150px) 100vw, 150px\" \/><\/a><\/div><a class=\"wp-block-latest-posts__post-title\" href=\"https:\/\/www.maurimunoz.com\/index.php\/2022\/07\/26\/ejes-en-una-estrategia-comunicacional\/\">Ejes en una estrategia comunicacional de gesti\u00f3n<\/a><div class=\"wp-block-latest-posts__post-excerpt\">Los ejes en una estrategia comunicacional de gesti\u00f3n son claves para el dise\u00f1o y el desarrollo de esta \u00e1rea fundamental para los gobiernos locales. El funcionamiento en la pr\u00e1ctica de una estrategia de comunicaci\u00f3n en un gobierno local tiene aspectos claves. Ejes en una estrategia comunicacional: La acci\u00f3n m\u00faltiple en una gesti\u00f3n El primer concepto&#8230; <a class=\"wp-block-latest-posts__read-more\" href=\"https:\/\/www.maurimunoz.com\/index.php\/2022\/07\/26\/ejes-en-una-estrategia-comunicacional\/\" rel=\"noopener noreferrer\">Leer m\u00e1s<span class=\"screen-reader-text\">: Ejes en una estrategia comunicacional de gesti\u00f3n<\/span><\/a><\/div><\/li>\n<\/ul><\/div><\/div>\n\n\n\n<p style=\"text-align: center;\"><a id=\"btn-estandar\" href=\"https:\/\/www.maurimunoz.com\/index.php\/blog\/\">Seguir leyendo<\/a><\/p>\n<\/div>\n<\/div>\n<\/div><\/div>\n","protected":false},"excerpt":{"rendered":"<p>Testimonios y casos de \u00e9xito Ver M\u00e1s SEMINARIO SHOW PREPARA EL FUTURO Ver M\u00e1s Estos son tres de los art\u00edculos m\u00e1s le\u00eddos en mi blog. !Disfr\u00fatalos! Seguir leyendo<\/p>\n","protected":false},"author":1,"featured_media":0,"parent":0,"menu_order":0,"comment_status":"closed","ping_status":"closed","template":"","meta":{"spay_email":"","footnotes":""},"class_list":["post-23","page","type-page","status-publish","hentry","entry","owp-thumbs-layout-horizontal","owp-btn-normal","owp-tabs-layout-horizontal","has-no-thumbnails","has-product-nav","circle-sale"],"yoast_head":"<!-- This site is optimized with the Yoast SEO plugin v27.3 - https:\/\/yoast.com\/product\/yoast-seo-wordpress\/ -->\n<title>HOME - MAURI MU\u00d1OZ<\/title>\n<meta name=\"robots\" content=\"index, follow, max-snippet:-1, max-image-preview:large, max-video-preview:-1\" \/>\n<link rel=\"canonical\" href=\"https:\/\/www.maurimunoz.com\/\" \/>\n<meta property=\"og:locale\" content=\"es_ES\" \/>\n<meta property=\"og:type\" content=\"article\" \/>\n<meta property=\"og:title\" content=\"HOME - MAURI MU\u00d1OZ\" \/>\n<meta property=\"og:description\" content=\"Testimonios y casos de \u00e9xito Ver M\u00e1s SEMINARIO SHOW PREPARA EL FUTURO Ver M\u00e1s Estos son tres de los art\u00edculos m\u00e1s le\u00eddos en mi blog. !Disfr\u00fatalos! Seguir leyendo\" \/>\n<meta property=\"og:url\" content=\"https:\/\/www.maurimunoz.com\/\" \/>\n<meta property=\"og:site_name\" content=\"MAURI MU\u00d1OZ\" \/>\n<meta property=\"article:publisher\" content=\"https:\/\/www.facebook.com\/mauri.munoz.futuro\" \/>\n<meta property=\"article:modified_time\" content=\"2022-05-10T23:08:18+00:00\" \/>\n<meta property=\"og:image\" content=\"http:\/\/www.maurimunoz.com\/wp-content\/uploads\/2022\/01\/imagen-fondo-negro-2000px.jpg\" \/>\n<meta name=\"twitter:card\" content=\"summary_large_image\" \/>\n<meta name=\"twitter:site\" content=\"@MauriMunoz360\" \/>\n<meta name=\"twitter:label1\" content=\"Tiempo de lectura\" \/>\n\t<meta name=\"twitter:data1\" content=\"4 minutos\" \/>\n<script type=\"application\/ld+json\" class=\"yoast-schema-graph\">{\"@context\":\"https:\\\/\\\/schema.org\",\"@graph\":[{\"@type\":\"WebPage\",\"@id\":\"https:\\\/\\\/www.maurimunoz.com\\\/\",\"url\":\"https:\\\/\\\/www.maurimunoz.com\\\/\",\"name\":\"HOME - MAURI MU\u00d1OZ\",\"isPartOf\":{\"@id\":\"https:\\\/\\\/www.maurimunoz.com\\\/#website\"},\"primaryImageOfPage\":{\"@id\":\"https:\\\/\\\/www.maurimunoz.com\\\/#primaryimage\"},\"image\":{\"@id\":\"https:\\\/\\\/www.maurimunoz.com\\\/#primaryimage\"},\"thumbnailUrl\":\"http:\\\/\\\/www.maurimunoz.com\\\/wp-content\\\/uploads\\\/2022\\\/01\\\/imagen-fondo-negro-2000px.jpg\",\"datePublished\":\"2022-01-14T18:22:54+00:00\",\"dateModified\":\"2022-05-10T23:08:18+00:00\",\"breadcrumb\":{\"@id\":\"https:\\\/\\\/www.maurimunoz.com\\\/#breadcrumb\"},\"inLanguage\":\"es-AR\",\"potentialAction\":[{\"@type\":\"ReadAction\",\"target\":[\"https:\\\/\\\/www.maurimunoz.com\\\/\"]}]},{\"@type\":\"ImageObject\",\"inLanguage\":\"es-AR\",\"@id\":\"https:\\\/\\\/www.maurimunoz.com\\\/#primaryimage\",\"url\":\"http:\\\/\\\/www.maurimunoz.com\\\/wp-content\\\/uploads\\\/2022\\\/01\\\/imagen-fondo-negro-2000px.jpg\",\"contentUrl\":\"http:\\\/\\\/www.maurimunoz.com\\\/wp-content\\\/uploads\\\/2022\\\/01\\\/imagen-fondo-negro-2000px.jpg\"},{\"@type\":\"BreadcrumbList\",\"@id\":\"https:\\\/\\\/www.maurimunoz.com\\\/#breadcrumb\",\"itemListElement\":[{\"@type\":\"ListItem\",\"position\":1,\"name\":\"Inicio\",\"item\":\"https:\\\/\\\/www.maurimunoz.com\\\/\"},{\"@type\":\"ListItem\",\"position\":2,\"name\":\"HOME\"}]},{\"@type\":\"WebSite\",\"@id\":\"https:\\\/\\\/www.maurimunoz.com\\\/#website\",\"url\":\"https:\\\/\\\/www.maurimunoz.com\\\/\",\"name\":\"MAURI MU\u00d1OZ\",\"description\":\"Proyectate al futuro\",\"potentialAction\":[{\"@type\":\"SearchAction\",\"target\":{\"@type\":\"EntryPoint\",\"urlTemplate\":\"https:\\\/\\\/www.maurimunoz.com\\\/?s={search_term_string}\"},\"query-input\":{\"@type\":\"PropertyValueSpecification\",\"valueRequired\":true,\"valueName\":\"search_term_string\"}}],\"inLanguage\":\"es-AR\"}]}<\/script>\n<!-- \/ Yoast SEO plugin. -->","yoast_head_json":{"title":"HOME - MAURI MU\u00d1OZ","robots":{"index":"index","follow":"follow","max-snippet":"max-snippet:-1","max-image-preview":"max-image-preview:large","max-video-preview":"max-video-preview:-1"},"canonical":"https:\/\/www.maurimunoz.com\/","og_locale":"es_ES","og_type":"article","og_title":"HOME - MAURI MU\u00d1OZ","og_description":"Testimonios y casos de \u00e9xito Ver M\u00e1s SEMINARIO SHOW PREPARA EL FUTURO Ver M\u00e1s Estos son tres de los art\u00edculos m\u00e1s le\u00eddos en mi blog. !Disfr\u00fatalos! Seguir leyendo","og_url":"https:\/\/www.maurimunoz.com\/","og_site_name":"MAURI MU\u00d1OZ","article_publisher":"https:\/\/www.facebook.com\/mauri.munoz.futuro","article_modified_time":"2022-05-10T23:08:18+00:00","og_image":[{"url":"http:\/\/www.maurimunoz.com\/wp-content\/uploads\/2022\/01\/imagen-fondo-negro-2000px.jpg","type":"","width":"","height":""}],"twitter_card":"summary_large_image","twitter_site":"@MauriMunoz360","twitter_misc":{"Tiempo de lectura":"4 minutos"},"schema":{"@context":"https:\/\/schema.org","@graph":[{"@type":"WebPage","@id":"https:\/\/www.maurimunoz.com\/","url":"https:\/\/www.maurimunoz.com\/","name":"HOME - MAURI MU\u00d1OZ","isPartOf":{"@id":"https:\/\/www.maurimunoz.com\/#website"},"primaryImageOfPage":{"@id":"https:\/\/www.maurimunoz.com\/#primaryimage"},"image":{"@id":"https:\/\/www.maurimunoz.com\/#primaryimage"},"thumbnailUrl":"http:\/\/www.maurimunoz.com\/wp-content\/uploads\/2022\/01\/imagen-fondo-negro-2000px.jpg","datePublished":"2022-01-14T18:22:54+00:00","dateModified":"2022-05-10T23:08:18+00:00","breadcrumb":{"@id":"https:\/\/www.maurimunoz.com\/#breadcrumb"},"inLanguage":"es-AR","potentialAction":[{"@type":"ReadAction","target":["https:\/\/www.maurimunoz.com\/"]}]},{"@type":"ImageObject","inLanguage":"es-AR","@id":"https:\/\/www.maurimunoz.com\/#primaryimage","url":"http:\/\/www.maurimunoz.com\/wp-content\/uploads\/2022\/01\/imagen-fondo-negro-2000px.jpg","contentUrl":"http:\/\/www.maurimunoz.com\/wp-content\/uploads\/2022\/01\/imagen-fondo-negro-2000px.jpg"},{"@type":"BreadcrumbList","@id":"https:\/\/www.maurimunoz.com\/#breadcrumb","itemListElement":[{"@type":"ListItem","position":1,"name":"Inicio","item":"https:\/\/www.maurimunoz.com\/"},{"@type":"ListItem","position":2,"name":"HOME"}]},{"@type":"WebSite","@id":"https:\/\/www.maurimunoz.com\/#website","url":"https:\/\/www.maurimunoz.com\/","name":"MAURI MU\u00d1OZ","description":"Proyectate al futuro","potentialAction":[{"@type":"SearchAction","target":{"@type":"EntryPoint","urlTemplate":"https:\/\/www.maurimunoz.com\/?s={search_term_string}"},"query-input":{"@type":"PropertyValueSpecification","valueRequired":true,"valueName":"search_term_string"}}],"inLanguage":"es-AR"}]}},"_links":{"self":[{"href":"https:\/\/www.maurimunoz.com\/index.php\/wp-json\/wp\/v2\/pages\/23","targetHints":{"allow":["GET"]}}],"collection":[{"href":"https:\/\/www.maurimunoz.com\/index.php\/wp-json\/wp\/v2\/pages"}],"about":[{"href":"https:\/\/www.maurimunoz.com\/index.php\/wp-json\/wp\/v2\/types\/page"}],"author":[{"embeddable":true,"href":"https:\/\/www.maurimunoz.com\/index.php\/wp-json\/wp\/v2\/users\/1"}],"replies":[{"embeddable":true,"href":"https:\/\/www.maurimunoz.com\/index.php\/wp-json\/wp\/v2\/comments?post=23"}],"version-history":[{"count":197,"href":"https:\/\/www.maurimunoz.com\/index.php\/wp-json\/wp\/v2\/pages\/23\/revisions"}],"predecessor-version":[{"id":1717,"href":"https:\/\/www.maurimunoz.com\/index.php\/wp-json\/wp\/v2\/pages\/23\/revisions\/1717"}],"wp:attachment":[{"href":"https:\/\/www.maurimunoz.com\/index.php\/wp-json\/wp\/v2\/media?parent=23"}],"curies":[{"name":"wp","href":"https:\/\/api.w.org\/{rel}","templated":true}]}}