{"id":1731,"date":"2022-05-10T20:30:45","date_gmt":"2022-05-10T23:30:45","guid":{"rendered":"https:\/\/www.maurimunoz.com\/?page_id=1731"},"modified":"2022-05-10T20:39:12","modified_gmt":"2022-05-10T23:39:12","slug":"aviso-legal-y-terminos-de-uso-del-sitio","status":"publish","type":"page","link":"https:\/\/www.maurimunoz.com\/index.php\/aviso-legal-y-terminos-de-uso-del-sitio\/","title":{"rendered":"Aviso Legal y T\u00e9rminos de Uso del Sitio"},"content":{"rendered":"\n<div class=\"wp-block-group sln-page-privacidad\"><div class=\"wp-block-group__inner-container is-layout-flow wp-block-group-is-layout-flow\">\n<h2 class=\"wp-block-heading\">Aviso Legal y T\u00e9rminos de Uso del Sitio<\/h2>\n\n\n\n<h2 class=\"wp-block-heading\">1. AVISO LEGAL Y T\u00c9RMINOS DE USO<\/h2>\n\n\n\n<p>Puedo garantizarte que te encuentras en un espacio 100 % seguro, para ello debes saber:<\/p>\n\n\n\n<h3 class=\"wp-block-heading\">1.1. DATOS IDENTIFICATIVOS DEL RESPONSABLE<\/h3>\n\n\n\n<p>Tal y como recoge la normativa vigente, le informo que:<\/p>\n\n\n\n<ul class=\"wp-block-list\"><li>Mi denominaci\u00f3n social es: MU\u00d1OZ &amp; ASOCIADOS<\/li><li>Mi domicilio social se encuentra en San Mart\u00edn 519. Oncativo (cp 5986). C\u00f3rdoba. Argentina.<\/li><li>Email: mauri.munoz.oficial@gmail.com<\/li><\/ul>\n\n\n\n<h3 class=\"wp-block-heading\">1.2. FINALIDAD DE LA P\u00c1GINA WEB.<\/h3>\n\n\n\n<p>Los servicios prestados por el responsable de la p\u00e1gina web son los siguientes:<\/p>\n\n\n\n<ul class=\"wp-block-list\"><li>La venta de seminarios, cursos y formaci\u00f3n online.<\/li><li>La venta de merchandising de Mauri Mu\u00f1oz<\/li><li>Gestionar la lista de suscriptores y usuarios adscritos a la web.<\/li><li>Suministro de contenidos en el blog<\/li><\/ul>\n\n\n\n<h3 class=\"wp-block-heading\">1.3. USUARIOS:<\/h3>\n\n\n\n<p>El acceso y\/o uso de este sitio web atribuye la condici\u00f3n de USUARIO, que acepta, desde dicho acceso y\/o uso, los presentes t\u00e9rminos de uso, no obstante, por el mero uso de la p\u00e1gina web no significa el inicio de relaci\u00f3n laboral\/comercial alguna.<\/p>\n\n\n\n<h3 class=\"wp-block-heading\">1.4. USO DEL SITIO WEB Y CAPTURA DE INFORMACI\u00d3N:<\/h3>\n\n\n\n<h4 class=\"wp-block-heading\">1.4.1 USO DEL SITIO WEB<\/h4>\n\n\n\n<p>La p\u00e1gina web http:\/\/maurimunoz.com\/ en adelante (LA WEB) proporciona el acceso a art\u00edculos, informaciones, servicios y datos (en adelante, \u201clos contenidos\u201d) propiedad de MU\u00d1OZ &amp; ASOCIADOS. El USUARIO asume la responsabilidad del uso de la web.<\/p>\n\n\n\n<p>El USUARIO se compromete a hacer un uso adecuado de los contenidos que ofrece a trav\u00e9s de su web y con car\u00e1cter enunciativo pero no limitativo, a no emplearlos para:<\/p>\n\n\n\n<p>(a) incurrir en actividades il\u00edcitas, ilegales o contrarias a la buena fe y al orden p\u00fablico;<\/p>\n\n\n\n<p>(b) difundir contenidos o propaganda de car\u00e1cter racista, xen\u00f3fobo, pornogr\u00e1fico-ilegal, de apolog\u00eda del terrorismo o atentatorio contra los derechos humanos;<\/p>\n\n\n\n<p>(c) provocar da\u00f1os en los sistemas f\u00edsicos y l\u00f3gicos de la web, de sus proveedores o de terceras personas, introducir o difundir en la red virus inform\u00e1ticos o cualesquiera otros sistemas f\u00edsicos o l\u00f3gicos que sean susceptibles de provocar los da\u00f1os anteriormente mencionados;<\/p>\n\n\n\n<p>(d) intentar acceder y, en su caso, utilizar las cuentas de correo electr\u00f3nico de otros usuarios y modificar o manipular sus mensajes.<\/p>\n\n\n\n<p>MU\u00d1OZ &amp; ASOCIADOS se reserva el derecho de retirar todos aquellos comentarios y aportaciones que vulneren el respeto a la dignidad de la persona, que sean discriminatorios, xen\u00f3fobos, racistas, pornogr\u00e1ficos, que atenten contra la juventud o la infancia, el orden o la seguridad p\u00fablica o que, a su juicio, no resultaran adecuados para su publicaci\u00f3n.<\/p>\n\n\n\n<p>En cualquier caso, MU\u00d1OZ &amp; ASOCIADOS no ser\u00e1 responsable de las opiniones vertidas por los usuarios a trav\u00e9s del blog u otras herramientas de participaci\u00f3n que puedan crearse, conforme a lo previsto en la normativa de aplicaci\u00f3n.<\/p>\n\n\n\n<h4 class=\"wp-block-heading\">1.4.2 CAPTURA DE INFORMACI\u00d3N<\/h4>\n\n\n\n<ul class=\"wp-block-list\"><li>Formulario de contacto, donde el USUARIO deber\u00e1 rellenar el campo de correo electr\u00f3nico, asunto y nombre.<\/li><li>Formulario de suscripci\u00f3n, rellenando el USUARIO los campos necesarios para la suscripci\u00f3n a la web con los campos de nombre, y email<\/li><li>Formulario de venta, rellenando el USUARIO los campos necesarios para la venta con los campos de nombre, email, direcci\u00f3n y DNI.<\/li><li>Cookies de rastreo, conforme a las siguientes reglas<\/li><li>Navegaci\u00f3n y Direcci\u00f3n IP: Al navegar por esta web, el usuario facilita de forma autom\u00e1tica al servidor de la web informaci\u00f3n relativa a tu direcci\u00f3n IP, fecha y hora de acceso, el hiperv\u00ednculo que le ha reenviado a \u00e9stas, tu sistema operativo y el navegador utilizado.<\/li><\/ul>\n\n\n\n<p>A pesar de lo anterior, los usuarios podr\u00e1n darse de baja en cualquier momento de los servicios prestados por MU\u00d1OZ &amp; ASOCIADOS o datos aportados por el USUARIO dando cumplimiento a la normativa vigente. Asimismo, tanto al suscribirse a esta p\u00e1gina web, como al realizar alg\u00fan comentario o realizar una compra en cualquiera de sus p\u00e1ginas y\/o entradas, el usuario consiente:<\/p>\n\n\n\n<ol class=\"wp-block-list\"><li>El tratamiento de sus datos personales en el entorno de \u201cwww.maurimnoz.com\u201d conforme a sus pol\u00edticas de privacidad.<\/li><li>El acceso de MU\u00d1OZ &amp; ASOCIADOS a los datos que, de acuerdo con la infraestructura de \u201cwww.maurimnoz.com\u201d, necesite el usuario aportar bien para la suscripci\u00f3n a la web bien para cualquier consulta mediante el formulario de contacto.<\/li><\/ol>\n\n\n\n<p>Asimismo, informamos que la informaci\u00f3n de nuestros usuarios est\u00e1 protegida de acuerdo a nuestra <a href=\"https:\/\/www.maurimunoz.com\/index.php\/politica-privacidad\/\">POLITICA DE PRIVACIDAD<\/a>.<\/p>\n\n\n\n<p>Al activar una suscripci\u00f3n, formulario de contacto o comentario, el usuario comprende y acepta que:<\/p>\n\n\n\n<p>Desde el momento en que efect\u00faa su suscripci\u00f3n o accedes a alg\u00fan servicio de pago, MU\u00d1OZ &amp; ASOCIADOS tiene acceso<\/p>\n\n\n\n<p>a: Nombre, y email, o dem\u00e1s datos necesarios conformando un fichero con el nombre de \u201cUSUARIOS DE LA WEB Y SUSCRIPTORES\u201d o en el caso de realizar alguna compra, ser\u00e1 suscrito al fichero de \u201cCLIENTES Y\/O PROVEEDORES\u201d teniendo acceso a datos de nombre, apellidos, email, dni y domicilio completo.<\/p>\n\n\n\n<p>En todo caso MU\u00d1OZ &amp; ASOCIADOS se reserva el derecho de modificar, en cualquier momento y sin necesidad de previo aviso, la presentaci\u00f3n y configuraci\u00f3n de la web http:\/\/maurimunoz.com\/ como el presente aviso legal.<\/p>\n\n\n\n<h2 class=\"wp-block-heading\">2. PROPIEDAD INTELECTUAL E INDUSTRIAL:<\/h2>\n\n\n\n<p>MU\u00d1OZ &amp; ASOCIADOS por s\u00ed o como cesionario, es titular de todos los derechos de propiedad intelectual e industrial de su p\u00e1gina web, as\u00ed como de los elementos contenidos en la misma (a t\u00edtulo enunciativo, im\u00e1genes, sonido, audio, v\u00eddeo, software o textos; marcas o logotipos, combinaciones de colores, estructura y dise\u00f1o, selecci\u00f3n de materiales usados, programas de ordenador necesarios para su funcionamiento, acceso y uso, etc.), titularidad de MU\u00d1OZ &amp; ASOCIADOS o bien de sus licenciantes. Todos los derechos reservados.<\/p>\n\n\n\n<p>Cualquier uso no autorizado previamente por MU\u00d1OZ &amp; ASOCIADOS ser\u00e1 considerado un incumplimiento grave de los derechos de propiedad intelectual o industrial del autor.<\/p>\n\n\n\n<p>Quedan expresamente prohibidas la reproducci\u00f3n, la distribuci\u00f3n y la comunicaci\u00f3n p\u00fablica, incluida su modalidad de puesta a disposici\u00f3n, de la totalidad o parte de los contenidos de esta p\u00e1gina web, con fines comerciales, en cualquier soporte y por cualquier medio t\u00e9cnico, sin la autorizaci\u00f3n de MU\u00d1OZ &amp; ASOCIADOS.<\/p>\n\n\n\n<p>El USUARIO se compromete a respetar los derechos de Propiedad Intelectual e Industrial titularidad de MU\u00d1OZ &amp; ASOCIADOS. Podr\u00e1 visualizar \u00fanicamente los elementos de la web sin posibilidad de imprimirlos, copiarlos o almacenarlos en el disco duro de su ordenador o en cualquier otro soporte f\u00edsico. El USUARIO deber\u00e1 abstenerse de suprimir, alterar, eludir o manipular cualquier dispositivo de protecci\u00f3n o sistema de seguridad que estuviera instalado en las p\u00e1ginas de MU\u00d1OZ &amp; ASOCIADOS.<\/p>\n\n\n\n<p>Queda terminantemente prohibido compartir la licencia para uso con m\u00e1s personas, cada licencia es personal e intransferible reserv\u00e1ndonos cuantas acciones civiles y penales nos asistan en aras de salvaguardar nuestros derechos, todo ello bajo apercibimiento de incurrir en un delito contra la propiedad intelectual.<\/p>\n\n\n\n<h2 class=\"wp-block-heading\">3. EXCLUSI\u00d3N DE GARANT\u00cdAS Y RESPONSABILIDAD<\/h2>\n\n\n\n<p>MU\u00d1OZ &amp; ASOCIADOS no se hace responsable, en ning\u00fan caso, de los da\u00f1os y perjuicios de cualquier naturaleza que pudieran ocasionar, a t\u00edtulo enunciativo: por errores u omisiones en los contenidos, por falta de disponibilidad del sitio web, \u2013 el cual realizar\u00e1 paradas peri\u00f3dicas por mantenimientos t\u00e9cnicos \u2013 as\u00ed como por la transmisi\u00f3n de virus o programas maliciosos o lesivos en los contenidos, a pesar de haber adoptado todas las medidas tecnol\u00f3gicas necesarias para evitarlo.<\/p>\n\n\n\n<h2 class=\"wp-block-heading\">4. MODIFICACIONES<\/h2>\n\n\n\n<p>MU\u00d1OZ &amp; ASOCIADOS se reserva el derecho de efectuar sin previo aviso las modificaciones que considere oportunas en su web, pudiendo cambiar, suprimir o a\u00f1adir tanto los contenidos y servicios que se presten a trav\u00e9s de la misma como la forma en la que \u00e9stos aparezcan presentados o localizados en su web.<\/p>\n\n\n\n<h2 class=\"wp-block-heading\">5. POL\u00cdTICA DE ENLACES<\/h2>\n\n\n\n<p>Las personas o entidades que pretendan realizar o realicen un hiperenlace desde una p\u00e1gina web de otro portal de Internet a la web de MU\u00d1OZ &amp; ASOCIADOS deber\u00e1 someterse las siguientes condiciones:<\/p>\n\n\n\n<ul class=\"wp-block-list\"><li>No se permite la reproducci\u00f3n total o parcial de ninguno de los servicios ni contenidos del sitio web sin la previa autorizaci\u00f3n expresa de MU\u00d1OZ &amp; ASOCIADOS.<\/li><li>No se establecer\u00e1n deep-links ni enlaces IMG o de imagen, ni frames con la web de MU\u00d1OZ &amp; ASOCIADOS sin su previa autorizaci\u00f3n expresa.<\/li><li>No se establecer\u00e1 ninguna manifestaci\u00f3n falsa, inexacta o incorrecta sobre la web de MU\u00d1OZ &amp; ASOCIADOS, ni sobre los servicios o contenidos de la misma. Salvo aquellos signos que formen parte del hiperv\u00ednculo, la p\u00e1gina web en la que se establezca no contendr\u00e1 ninguna marca, nombre comercial, r\u00f3tulo de establecimiento, denominaci\u00f3n, logotipo, eslogan u otros signos distintivos pertenecientes a MU\u00d1OZ &amp; ASOCIADOS, salvo autorizaci\u00f3n expresa de \u00e9ste.<\/li><li>El establecimiento del hiperv\u00ednculo no implicar\u00e1 la existencia de relaciones entre MU\u00d1OZ &amp; ASOCIADOS y el titular de la p\u00e1gina web o del portal desde el cual se realice, ni el conocimiento y aceptaci\u00f3n de MU\u00d1OZ &amp; ASOCIADOS de los servicios y contenidos ofrecidos en dicha p\u00e1gina web o portal.<\/li><li>MU\u00d1OZ &amp; ASOCIADOS no ser\u00e1 responsable de los contenidos o servicios puestos a disposici\u00f3n del p\u00fablico en la p\u00e1gina web o portal desde el cual se realice el hiperv\u00ednculo, ni de las informaciones y manifestaciones incluidas en los mismos.<\/li><li>El sitio web de MU\u00d1OZ &amp; ASOCIADOS puede poner a disposici\u00f3n del usuario conexiones y enlaces a otros sitios web gestionados y controlados por terceros. Dichos enlaces tienen como exclusiva funci\u00f3n, la de facilitar a los usuarios la b\u00fasqueda de informaci\u00f3n, contenidos y servicios en Internet, sin que en ning\u00fan caso pueda considerarse una sugerencia, recomendaci\u00f3n o invitaci\u00f3n para la visita de los mismos.<\/li><li>MU\u00d1OZ &amp; ASOCIADOS no comercializa, ni dirige, ni controla previamente, ni hace propios los contenidos, servicios, informaciones y manifestaciones disponibles en dichos sitios web.<\/li><li>MU\u00d1OZ &amp; ASOCIADOS no asume ning\u00fan tipo de responsabilidad, ni siquiera de forma indirecta o subsidiaria, por los da\u00f1os y perjuicios de toda clase que pudieran derivarse del acceso, mantenimiento, uso, calidad, licitud, fiabilidad y utilidad de los contenidos, informaciones, comunicaciones, opiniones, manifestaciones, productos y servicios existentes u ofrecidos en los sitios web no gestionados por MU\u00d1OZ &amp; ASOCIADOS y que resulten accesibles a trav\u00e9s de MU\u00d1OZ &amp; ASOCIADOS.<\/li><\/ul>\n\n\n\n<h2 class=\"wp-block-heading\">6. DERECHO DE EXCLUSI\u00d3N<\/h2>\n\n\n\n<p>MU\u00d1OZ &amp; ASOCIADOS se reserva el derecho a denegar o retirar el acceso al portal y\/o los servicios ofrecidos sin necesidad de preaviso, a instancia propia o de un tercero, a aquellos usuarios que incumplan las presentes Condiciones Generales de Uso.<\/p>\n\n\n\n<h2 class=\"wp-block-heading\">7. GENERALIDADES<\/h2>\n\n\n\n<p>MU\u00d1OZ &amp; ASOCIADOS perseguir\u00e1 el incumplimiento de las presentes condiciones as\u00ed como cualquier utilizaci\u00f3n indebida de su web ejerciendo todas las acciones civiles y penales que le puedan corresponder en derecho.<\/p>\n\n\n\n<h2 class=\"wp-block-heading\">8. MODIFICACI\u00d3N DE LAS PRESENTES CONDICIONES Y DURACI\u00d3N<\/h2>\n\n\n\n<p>MU\u00d1OZ &amp; ASOCIADOS podr\u00e1 modificar en cualquier momento las condiciones aqu\u00ed determinadas, siendo debidamente publicadas como aqu\u00ed aparecen. La vigencia de las citadas condiciones ir\u00e1 en funci\u00f3n de su exposici\u00f3n y estar\u00e1n vigentes hasta que sean modificadas por otras debidamente publicadas.<\/p>\n\n\n\n<h2 class=\"wp-block-heading\">9. RECLAMACIONES Y DUDAS<\/h2>\n\n\n\n<p>MU\u00d1OZ &amp; ASOCIADOS informa que existen hojas de reclamaci\u00f3n a disposici\u00f3n de usuarios y clientes pudiendo remitir un correo a mauri.munoz.oficial@gmail.com indicando su nombre y apellidos, el servicio o producto adquirido y exponiendo los motivos de su reclamaci\u00f3n.<\/p>\n\n\n\n<p>Tambi\u00e9n puede dirigir su reclamaci\u00f3n por correo postal dirigido a: MU\u00d1OZ &amp; ASOCIADOS, San Mart\u00edn 519. Oncativo (cp 5986). C\u00f3rdoba. Argentina.<\/p>\n\n\n\n<h2 class=\"wp-block-heading\">10. CONDICIONES DE VENTA<\/h2>\n\n\n\n<p>Las presentes condiciones generales tienen por objeto regular expresamente las condiciones aplicables a los procesos de contrataci\u00f3n llevados a cabo por los usuarios \u201cCliente\u201d de los cursos online ofrecido por parte de Mauri Mu\u00f1oz a trav\u00e9s de su sitio web.<\/p>\n\n\n\n<p>Estas condiciones permanecer\u00e1n en vigor y ser\u00e1n validad durante todo el tiempo que est\u00e9n accesible a trav\u00e9s del sitio web, todo ello sin perjuicio de que Mauri Mu\u00f1oz se reserva el derecho a modificar, sin previo aviso, las condiciones generales as\u00ed como cualquiera de los textos legales que se encuentren en dicho sitio web. En todo caso, el acceso a la Web tras su modificaci\u00f3n, inclusi\u00f3n y\/o sustituci\u00f3n, implica la aceptaci\u00f3n de los mismos por parte del usuario.<\/p>\n\n\n\n<p>El cliente se encuentra sujeto a las condiciones generales vigentes en cada uno de los momentos de realizar la contrataci\u00f3n correspondiente, no siendo posible la contrataci\u00f3n de servicio alguno sin la previa aceptaci\u00f3n de las presentes condiciones generales de contrataci\u00f3n.<\/p>\n\n\n\n<p>En la presente web podr\u00e1 adquirir productos o servicios reflejados en cada p\u00e1gina de ventas.<\/p>\n\n\n\n<p>Para proceder al pago, el cliente tiene a su disposici\u00f3n los siguientes medios:<\/p>\n\n\n\n<p>Visa\/Mastercard\/American Express; el usuario deber\u00e1 proporcionar el nombre del titular de la tarjeta, el n\u00famero, la fecha de caducidad y el CVV.<\/p>\n\n\n\n<p>Toda la informaci\u00f3n ser\u00e1 tramitada a trav\u00e9s de una pasarela de pagos externa a Mauri Mu\u00f1oz denominada Mobbex, pudiendo obtener m\u00e1s informaci\u00f3n visitando su p\u00e1gina web <a href=\"https:\/\/www.mobbex.com\/\">https:\/\/www.mobbex.com\/<\/a><\/p>\n\n\n\n<p>Para proceder al pago, normalmente ser\u00e1s redirigido a un carrito donde se te solicitar\u00e1n los datos necesarios.<\/p>\n\n\n\n<h2 class=\"wp-block-heading\">11. LEY APLICABLE Y JURISDICCI\u00d3N<\/h2>\n\n\n\n<p>Cualquier controversia entre MU\u00d1OZ &amp; ASOCIADOS y el CLIENTE se someter\u00e1 a los Juzgados y tribunales ordinarios de la Ciudad de R\u00edo Segundo, Provincia de Cordoba (Argentina), salvo que la Ley aplicable disponga otra cosa.<\/p>\n\n\n\n<h2 class=\"wp-block-heading\">12. CAUSAS DE DISOLUCI\u00d3N DEL CONTRATO<\/h2>\n\n\n\n<p>La disoluci\u00f3n del contrato de servicios puede ocurrir en cualquier momento por cualquiera de las dos partes.<\/p>\n\n\n\n<p>No est\u00e1s obligado a condiciones de permanencia con MU\u00d1OZ &amp; ASOCIADOS si no est\u00e1s satisfecho con nuestro servicio.<\/p>\n\n\n\n<p>MU\u00d1OZ &amp; ASOCIADOS puede terminar o suspender cualquier y todos los Servicios contratados inmediatamente, sin previo aviso o responsabilidad, en caso de que t\u00fa no cumplas con las condiciones aqu\u00ed expuestas.<\/p>\n\n\n\n<p>A la disoluci\u00f3n del contrato, tu derecho a utilizar los Servicios cesar\u00e1 inmediatamente.<\/p>\n\n\n\n<p>Ser\u00e1n causas de disoluci\u00f3n de contrato:<\/p>\n\n\n\n<ul class=\"wp-block-list\"><li>La falsedad, en todo o en parte, de los datos suministrados en el proceso de contrataci\u00f3n de cualquier servicio.<\/li><li>Alterar, eludir, realizar ingenier\u00eda inversa, descompilar, desmontar o alterar de ning\u00fan modo de la tecnolog\u00eda de seguridad aportada por MU\u00d1OZ &amp; ASOCIADOS.<\/li><li>Los casos de abuso de los servicios de soporte por el requerimiento de m\u00e1s horas de las establecidas en el contrato.<\/li><li>Opiniones falsas e infundadas con \u00e1nimo de desprestigiar al titular de los productos o servicios adquiridos.<\/li><li>Cualquier incumplimiento establecido a lo largo de las condiciones.<\/li><\/ul>\n\n\n\n<p>La disoluci\u00f3n implica la p\u00e9rdida de sus derechos sobre el servicio contratado.<\/p>\n<\/div><\/div>\n","protected":false},"excerpt":{"rendered":"<p>Aviso Legal y T\u00e9rminos de Uso del Sitio 1. AVISO LEGAL Y T\u00c9RMINOS DE USO Puedo garantizarte que te encuentras en un espacio 100 % seguro, para ello debes saber: 1.1. DATOS IDENTIFICATIVOS DEL RESPONSABLE Tal y como recoge la normativa vigente, le informo que: Mi denominaci\u00f3n social es: MU\u00d1OZ &amp; ASOCIADOS Mi domicilio social [&hellip;]<\/p>\n","protected":false},"author":1,"featured_media":0,"parent":0,"menu_order":0,"comment_status":"closed","ping_status":"closed","template":"","meta":{"spay_email":"","footnotes":""},"class_list":["post-1731","page","type-page","status-publish","hentry","entry","owp-thumbs-layout-horizontal","owp-btn-normal","owp-tabs-layout-horizontal","has-no-thumbnails","has-product-nav","circle-sale"],"yoast_head":"<!-- This site is optimized with the Yoast SEO plugin v27.4 - https:\/\/yoast.com\/product\/yoast-seo-wordpress\/ -->\n<title>Aviso Legal y T\u00e9rminos de Uso del Sitio - MAURI MU\u00d1OZ<\/title>\n<meta name=\"robots\" content=\"index, follow, max-snippet:-1, max-image-preview:large, max-video-preview:-1\" \/>\n<link rel=\"canonical\" href=\"https:\/\/www.maurimunoz.com\/index.php\/aviso-legal-y-terminos-de-uso-del-sitio\/\" \/>\n<meta property=\"og:locale\" content=\"es_ES\" \/>\n<meta property=\"og:type\" content=\"article\" \/>\n<meta property=\"og:title\" content=\"Aviso Legal y T\u00e9rminos de Uso del Sitio - MAURI MU\u00d1OZ\" \/>\n<meta property=\"og:description\" content=\"Aviso Legal y T\u00e9rminos de Uso del Sitio 1. AVISO LEGAL Y T\u00c9RMINOS DE USO Puedo garantizarte que te encuentras en un espacio 100 % seguro, para ello debes saber: 1.1. DATOS IDENTIFICATIVOS DEL RESPONSABLE Tal y como recoge la normativa vigente, le informo que: Mi denominaci\u00f3n social es: MU\u00d1OZ &amp; ASOCIADOS Mi domicilio social [&hellip;]\" \/>\n<meta property=\"og:url\" content=\"https:\/\/www.maurimunoz.com\/index.php\/aviso-legal-y-terminos-de-uso-del-sitio\/\" \/>\n<meta property=\"og:site_name\" content=\"MAURI MU\u00d1OZ\" \/>\n<meta property=\"article:publisher\" content=\"https:\/\/www.facebook.com\/mauri.munoz.futuro\" \/>\n<meta property=\"article:modified_time\" content=\"2022-05-10T23:39:12+00:00\" \/>\n<meta name=\"twitter:card\" content=\"summary_large_image\" \/>\n<meta name=\"twitter:site\" content=\"@MauriMunoz360\" \/>\n<meta name=\"twitter:label1\" content=\"Tiempo de lectura\" \/>\n\t<meta name=\"twitter:data1\" content=\"11 minutos\" \/>\n<script type=\"application\/ld+json\" class=\"yoast-schema-graph\">{\"@context\":\"https:\\\/\\\/schema.org\",\"@graph\":[{\"@type\":\"WebPage\",\"@id\":\"https:\\\/\\\/www.maurimunoz.com\\\/index.php\\\/aviso-legal-y-terminos-de-uso-del-sitio\\\/\",\"url\":\"https:\\\/\\\/www.maurimunoz.com\\\/index.php\\\/aviso-legal-y-terminos-de-uso-del-sitio\\\/\",\"name\":\"Aviso Legal y T\u00e9rminos de Uso del Sitio - MAURI MU\u00d1OZ\",\"isPartOf\":{\"@id\":\"https:\\\/\\\/www.maurimunoz.com\\\/#website\"},\"datePublished\":\"2022-05-10T23:30:45+00:00\",\"dateModified\":\"2022-05-10T23:39:12+00:00\",\"breadcrumb\":{\"@id\":\"https:\\\/\\\/www.maurimunoz.com\\\/index.php\\\/aviso-legal-y-terminos-de-uso-del-sitio\\\/#breadcrumb\"},\"inLanguage\":\"es-AR\",\"potentialAction\":[{\"@type\":\"ReadAction\",\"target\":[\"https:\\\/\\\/www.maurimunoz.com\\\/index.php\\\/aviso-legal-y-terminos-de-uso-del-sitio\\\/\"]}]},{\"@type\":\"BreadcrumbList\",\"@id\":\"https:\\\/\\\/www.maurimunoz.com\\\/index.php\\\/aviso-legal-y-terminos-de-uso-del-sitio\\\/#breadcrumb\",\"itemListElement\":[{\"@type\":\"ListItem\",\"position\":1,\"name\":\"Inicio\",\"item\":\"https:\\\/\\\/www.maurimunoz.com\\\/\"},{\"@type\":\"ListItem\",\"position\":2,\"name\":\"Aviso Legal y T\u00e9rminos de Uso del Sitio\"}]},{\"@type\":\"WebSite\",\"@id\":\"https:\\\/\\\/www.maurimunoz.com\\\/#website\",\"url\":\"https:\\\/\\\/www.maurimunoz.com\\\/\",\"name\":\"MAURI MU\u00d1OZ\",\"description\":\"Proyectate al futuro\",\"potentialAction\":[{\"@type\":\"SearchAction\",\"target\":{\"@type\":\"EntryPoint\",\"urlTemplate\":\"https:\\\/\\\/www.maurimunoz.com\\\/?s={search_term_string}\"},\"query-input\":{\"@type\":\"PropertyValueSpecification\",\"valueRequired\":true,\"valueName\":\"search_term_string\"}}],\"inLanguage\":\"es-AR\"}]}<\/script>\n<!-- \/ Yoast SEO plugin. -->","yoast_head_json":{"title":"Aviso Legal y T\u00e9rminos de Uso del Sitio - MAURI MU\u00d1OZ","robots":{"index":"index","follow":"follow","max-snippet":"max-snippet:-1","max-image-preview":"max-image-preview:large","max-video-preview":"max-video-preview:-1"},"canonical":"https:\/\/www.maurimunoz.com\/index.php\/aviso-legal-y-terminos-de-uso-del-sitio\/","og_locale":"es_ES","og_type":"article","og_title":"Aviso Legal y T\u00e9rminos de Uso del Sitio - MAURI MU\u00d1OZ","og_description":"Aviso Legal y T\u00e9rminos de Uso del Sitio 1. AVISO LEGAL Y T\u00c9RMINOS DE USO Puedo garantizarte que te encuentras en un espacio 100 % seguro, para ello debes saber: 1.1. DATOS IDENTIFICATIVOS DEL RESPONSABLE Tal y como recoge la normativa vigente, le informo que: Mi denominaci\u00f3n social es: MU\u00d1OZ &amp; ASOCIADOS Mi domicilio social [&hellip;]","og_url":"https:\/\/www.maurimunoz.com\/index.php\/aviso-legal-y-terminos-de-uso-del-sitio\/","og_site_name":"MAURI MU\u00d1OZ","article_publisher":"https:\/\/www.facebook.com\/mauri.munoz.futuro","article_modified_time":"2022-05-10T23:39:12+00:00","twitter_card":"summary_large_image","twitter_site":"@MauriMunoz360","twitter_misc":{"Tiempo de lectura":"11 minutos"},"schema":{"@context":"https:\/\/schema.org","@graph":[{"@type":"WebPage","@id":"https:\/\/www.maurimunoz.com\/index.php\/aviso-legal-y-terminos-de-uso-del-sitio\/","url":"https:\/\/www.maurimunoz.com\/index.php\/aviso-legal-y-terminos-de-uso-del-sitio\/","name":"Aviso Legal y T\u00e9rminos de Uso del Sitio - MAURI MU\u00d1OZ","isPartOf":{"@id":"https:\/\/www.maurimunoz.com\/#website"},"datePublished":"2022-05-10T23:30:45+00:00","dateModified":"2022-05-10T23:39:12+00:00","breadcrumb":{"@id":"https:\/\/www.maurimunoz.com\/index.php\/aviso-legal-y-terminos-de-uso-del-sitio\/#breadcrumb"},"inLanguage":"es-AR","potentialAction":[{"@type":"ReadAction","target":["https:\/\/www.maurimunoz.com\/index.php\/aviso-legal-y-terminos-de-uso-del-sitio\/"]}]},{"@type":"BreadcrumbList","@id":"https:\/\/www.maurimunoz.com\/index.php\/aviso-legal-y-terminos-de-uso-del-sitio\/#breadcrumb","itemListElement":[{"@type":"ListItem","position":1,"name":"Inicio","item":"https:\/\/www.maurimunoz.com\/"},{"@type":"ListItem","position":2,"name":"Aviso Legal y T\u00e9rminos de Uso del Sitio"}]},{"@type":"WebSite","@id":"https:\/\/www.maurimunoz.com\/#website","url":"https:\/\/www.maurimunoz.com\/","name":"MAURI MU\u00d1OZ","description":"Proyectate al futuro","potentialAction":[{"@type":"SearchAction","target":{"@type":"EntryPoint","urlTemplate":"https:\/\/www.maurimunoz.com\/?s={search_term_string}"},"query-input":{"@type":"PropertyValueSpecification","valueRequired":true,"valueName":"search_term_string"}}],"inLanguage":"es-AR"}]}},"_links":{"self":[{"href":"https:\/\/www.maurimunoz.com\/index.php\/wp-json\/wp\/v2\/pages\/1731","targetHints":{"allow":["GET"]}}],"collection":[{"href":"https:\/\/www.maurimunoz.com\/index.php\/wp-json\/wp\/v2\/pages"}],"about":[{"href":"https:\/\/www.maurimunoz.com\/index.php\/wp-json\/wp\/v2\/types\/page"}],"author":[{"embeddable":true,"href":"https:\/\/www.maurimunoz.com\/index.php\/wp-json\/wp\/v2\/users\/1"}],"replies":[{"embeddable":true,"href":"https:\/\/www.maurimunoz.com\/index.php\/wp-json\/wp\/v2\/comments?post=1731"}],"version-history":[{"count":2,"href":"https:\/\/www.maurimunoz.com\/index.php\/wp-json\/wp\/v2\/pages\/1731\/revisions"}],"predecessor-version":[{"id":1737,"href":"https:\/\/www.maurimunoz.com\/index.php\/wp-json\/wp\/v2\/pages\/1731\/revisions\/1737"}],"wp:attachment":[{"href":"https:\/\/www.maurimunoz.com\/index.php\/wp-json\/wp\/v2\/media?parent=1731"}],"curies":[{"name":"wp","href":"https:\/\/api.w.org\/{rel}","templated":true}]}}